{"id":1141,"date":"2025-08-08T17:36:02","date_gmt":"2025-08-08T15:36:02","guid":{"rendered":"https:\/\/www.salineacademy.com\/replay\/concerto-no-2-in-d-major-op-101-1st-movement\/"},"modified":"2025-09-02T16:38:59","modified_gmt":"2025-09-02T14:38:59","slug":"concerto-nr-2-en-re-majeur-op-101-1er-mouvement-version-2","status":"publish","type":"product","link":"https:\/\/www.salineacademy.com\/en\/replay\/concerto-nr-2-en-re-majeur-op-101-1er-mouvement-version-2\/","title":{"rendered":"Concerto Nr. 2 en R\u00e9 Majeur, Op. 101, 1er mouvement, version 2"},"content":{"rendered":"<p>Anne Gastinel et son \u00e9tudiante Michelle Tang travaillent Concerto Nr.2 en R\u00e9 Majeur d&#8217;Haydn dans cette masterclass.<\/p>\n","protected":false},"excerpt":{"rendered":"<p>Anne Gastinel et son \u00e9tudiante Michelle Tang travaillent Concerto Nr.2 en R\u00e9 Majeur d&#8217;Haydn dans cette masterclass.<\/p>\n","protected":false},"featured_media":1139,"template":"","meta":{"_acf_changed":false,"inline_featured_image":false},"product_brand":[],"product_cat":[55],"product_tag":[],"class_list":{"0":"post-1141","1":"product","2":"type-product","3":"status-publish","4":"has-post-thumbnail","6":"product_cat-masterclass-en","9":"first","10":"instock","11":"virtual","12":"taxable","13":"purchasable","14":"product-type-simple"},"acf":{"professeur":[4088],"composer":"Haydn, Joseph","type_de_contenu":"masterclass","slug_video":"hXCmPozqZc","slug_extrait_video":"L0GCbL7YYy","instruments":[43],"photo_de_fond":1139},"_links":{"self":[{"href":"https:\/\/www.salineacademy.com\/en\/wp-json\/wp\/v2\/product\/1141","targetHints":{"allow":["GET"]}}],"collection":[{"href":"https:\/\/www.salineacademy.com\/en\/wp-json\/wp\/v2\/product"}],"about":[{"href":"https:\/\/www.salineacademy.com\/en\/wp-json\/wp\/v2\/types\/product"}],"acf:term":[{"embeddable":true,"taxonomy":"instrument","href":"https:\/\/www.salineacademy.com\/en\/wp-json\/wp\/v2\/instrument\/43"}],"acf:post":[{"embeddable":true,"href":"https:\/\/www.salineacademy.com\/en\/wp-json\/wp\/v2\/teacher\/4088"}],"wp:featuredmedia":[{"embeddable":true,"href":"https:\/\/www.salineacademy.com\/en\/wp-json\/wp\/v2\/media\/1139"}],"wp:attachment":[{"href":"https:\/\/www.salineacademy.com\/en\/wp-json\/wp\/v2\/media?parent=1141"}],"wp:term":[{"taxonomy":"product_brand","embeddable":true,"href":"https:\/\/www.salineacademy.com\/en\/wp-json\/wp\/v2\/product_brand?post=1141"},{"taxonomy":"product_cat","embeddable":true,"href":"https:\/\/www.salineacademy.com\/en\/wp-json\/wp\/v2\/product_cat?post=1141"},{"taxonomy":"product_tag","embeddable":true,"href":"https:\/\/www.salineacademy.com\/en\/wp-json\/wp\/v2\/product_tag?post=1141"}],"curies":[{"name":"wp","href":"https:\/\/api.w.org\/{rel}","templated":true}]}}