{"id":1359,"date":"2025-08-08T17:40:17","date_gmt":"2025-08-08T15:40:17","guid":{"rendered":"https:\/\/www.salineacademy.com\/replay\/cello-concerto-in-b-minor-2nd-movement\/"},"modified":"2025-09-02T16:37:59","modified_gmt":"2025-09-02T14:37:59","slug":"cello-concerto-in-b-minor-2nd-movement","status":"publish","type":"product","link":"https:\/\/www.salineacademy.com\/en\/replay\/cello-concerto-in-b-minor-2nd-movement\/","title":{"rendered":"Cello Concerto in B minor, 2nd movement"},"content":{"rendered":"<p>Clive Greensmith and Marc Mart\u00edn Nogueroles work on the second movement of Anton\u00edn Dvo\u0159\u00e1k&#8217;s Cello Concerto in B minor, Op. 104.<\/p>\n","protected":false},"excerpt":{"rendered":"<p>Clive Greensmith and Marc Mart\u00edn Nogueroles work on the second movement of Anton\u00edn Dvo\u0159\u00e1k&#8217;s Cello Concerto in B minor, Op. 104.<\/p>\n","protected":false},"featured_media":1356,"template":"","meta":{"_acf_changed":false,"inline_featured_image":false},"product_brand":[],"product_cat":[55],"product_tag":[],"class_list":{"0":"post-1359","1":"product","2":"type-product","3":"status-publish","4":"has-post-thumbnail","6":"product_cat-masterclass-en","9":"first","10":"instock","11":"virtual","12":"taxable","13":"purchasable","14":"product-type-simple"},"acf":{"professeur":[4067],"composer":"Dvo\u0159\u00e1k, Anton\u00edn","type_de_contenu":"masterclass","slug_video":"AYxIXGMExJ","slug_extrait_video":"cO8ugJ6FS9","instruments":[43],"photo_de_fond":1357},"_links":{"self":[{"href":"https:\/\/www.salineacademy.com\/en\/wp-json\/wp\/v2\/product\/1359","targetHints":{"allow":["GET"]}}],"collection":[{"href":"https:\/\/www.salineacademy.com\/en\/wp-json\/wp\/v2\/product"}],"about":[{"href":"https:\/\/www.salineacademy.com\/en\/wp-json\/wp\/v2\/types\/product"}],"acf:term":[{"embeddable":true,"taxonomy":"instrument","href":"https:\/\/www.salineacademy.com\/en\/wp-json\/wp\/v2\/instrument\/43"}],"acf:post":[{"embeddable":true,"href":"https:\/\/www.salineacademy.com\/en\/wp-json\/wp\/v2\/teacher\/4067"}],"wp:featuredmedia":[{"embeddable":true,"href":"https:\/\/www.salineacademy.com\/en\/wp-json\/wp\/v2\/media\/1356"}],"wp:attachment":[{"href":"https:\/\/www.salineacademy.com\/en\/wp-json\/wp\/v2\/media?parent=1359"}],"wp:term":[{"taxonomy":"product_brand","embeddable":true,"href":"https:\/\/www.salineacademy.com\/en\/wp-json\/wp\/v2\/product_brand?post=1359"},{"taxonomy":"product_cat","embeddable":true,"href":"https:\/\/www.salineacademy.com\/en\/wp-json\/wp\/v2\/product_cat?post=1359"},{"taxonomy":"product_tag","embeddable":true,"href":"https:\/\/www.salineacademy.com\/en\/wp-json\/wp\/v2\/product_tag?post=1359"}],"curies":[{"name":"wp","href":"https:\/\/api.w.org\/{rel}","templated":true}]}}