{"id":1403,"date":"2025-08-08T17:41:26","date_gmt":"2025-08-08T15:41:26","guid":{"rendered":"https:\/\/www.salineacademy.com\/replay\/etude-in-c-major-opus-10-no-1\/"},"modified":"2025-09-02T16:37:48","modified_gmt":"2025-09-02T14:37:48","slug":"etude-in-c-major-opus-10-no-1","status":"publish","type":"product","link":"https:\/\/www.salineacademy.com\/en\/replay\/etude-in-c-major-opus-10-no-1\/","title":{"rendered":"\u00c9tude in C Major, Opus 10 No. 1"},"content":{"rendered":"<p>In this session, piano master D\u00e9nes V\u00e0rjon and student Krizia Soubrouillard practice harmony and chords.<\/p>\n","protected":false},"excerpt":{"rendered":"<p>In this session, piano master D\u00e9nes V\u00e0rjon and student Krizia Soubrouillard practice harmony and chords.<\/p>\n","protected":false},"featured_media":1400,"template":"","meta":{"_acf_changed":false,"inline_featured_image":false},"product_brand":[],"product_cat":[55],"product_tag":[],"class_list":{"0":"post-1403","1":"product","2":"type-product","3":"status-publish","4":"has-post-thumbnail","6":"product_cat-masterclass-en","9":"first","10":"instock","11":"virtual","12":"taxable","13":"purchasable","14":"product-type-simple"},"acf":{"professeur":[4084],"composer":"Chopin, Fr\u00e9d\u00e9ric","type_de_contenu":"masterclass","slug_video":"NmlZ7SD3iD","slug_extrait_video":"IHlPaj6Z6T","instruments":[51],"photo_de_fond":1401},"_links":{"self":[{"href":"https:\/\/www.salineacademy.com\/en\/wp-json\/wp\/v2\/product\/1403","targetHints":{"allow":["GET"]}}],"collection":[{"href":"https:\/\/www.salineacademy.com\/en\/wp-json\/wp\/v2\/product"}],"about":[{"href":"https:\/\/www.salineacademy.com\/en\/wp-json\/wp\/v2\/types\/product"}],"acf:term":[{"embeddable":true,"taxonomy":"instrument","href":"https:\/\/www.salineacademy.com\/en\/wp-json\/wp\/v2\/instrument\/51"}],"acf:post":[{"embeddable":true,"href":"https:\/\/www.salineacademy.com\/en\/wp-json\/wp\/v2\/teacher\/4084"}],"wp:featuredmedia":[{"embeddable":true,"href":"https:\/\/www.salineacademy.com\/en\/wp-json\/wp\/v2\/media\/1400"}],"wp:attachment":[{"href":"https:\/\/www.salineacademy.com\/en\/wp-json\/wp\/v2\/media?parent=1403"}],"wp:term":[{"taxonomy":"product_brand","embeddable":true,"href":"https:\/\/www.salineacademy.com\/en\/wp-json\/wp\/v2\/product_brand?post=1403"},{"taxonomy":"product_cat","embeddable":true,"href":"https:\/\/www.salineacademy.com\/en\/wp-json\/wp\/v2\/product_cat?post=1403"},{"taxonomy":"product_tag","embeddable":true,"href":"https:\/\/www.salineacademy.com\/en\/wp-json\/wp\/v2\/product_tag?post=1403"}],"curies":[{"name":"wp","href":"https:\/\/api.w.org\/{rel}","templated":true}]}}