{"id":2187,"date":"2025-08-08T17:57:03","date_gmt":"2025-08-08T15:57:03","guid":{"rendered":"https:\/\/www.salineacademy.com\/replay\/hungarian-rhapsody-no-5-in-e-minor-s-244-5-heroide-elegiaque\/"},"modified":"2025-09-02T16:34:46","modified_gmt":"2025-09-02T14:34:46","slug":"hungarian-rhapsody-no-5-in-e-minor-s-244-5-heroide-elegiaque","status":"publish","type":"product","link":"https:\/\/www.salineacademy.com\/en\/replay\/hungarian-rhapsody-no-5-in-e-minor-s-244-5-heroide-elegiaque\/","title":{"rendered":"Hungarian Rhapsody No. 5 in E minor, S.244\/5, H\u00e9ro\u00efde \u00e9l\u00e9giaque"},"content":{"rendered":"<p>Denis Pascal and Rodolphe Menguy work on anticipating transitions, articulation, and more in this masterclass.<\/p>\n","protected":false},"excerpt":{"rendered":"<p>Denis Pascal and Rodolphe Menguy work on anticipating transitions, articulation, and more in this masterclass.<\/p>\n","protected":false},"featured_media":2184,"template":"","meta":{"_acf_changed":false,"inline_featured_image":false},"product_brand":[],"product_cat":[55],"product_tag":[],"class_list":{"0":"post-2187","1":"product","2":"type-product","3":"status-publish","4":"has-post-thumbnail","6":"product_cat-masterclass-en","9":"first","10":"instock","11":"virtual","12":"taxable","13":"purchasable","14":"product-type-simple"},"acf":{"professeur":[4046],"composer":"Liszt, Franz","type_de_contenu":"masterclass","slug_video":"aF2Wr9hU2l","slug_extrait_video":"8wIMbfCZHm","instruments":[51],"photo_de_fond":2185},"_links":{"self":[{"href":"https:\/\/www.salineacademy.com\/en\/wp-json\/wp\/v2\/product\/2187","targetHints":{"allow":["GET"]}}],"collection":[{"href":"https:\/\/www.salineacademy.com\/en\/wp-json\/wp\/v2\/product"}],"about":[{"href":"https:\/\/www.salineacademy.com\/en\/wp-json\/wp\/v2\/types\/product"}],"acf:term":[{"embeddable":true,"taxonomy":"instrument","href":"https:\/\/www.salineacademy.com\/en\/wp-json\/wp\/v2\/instrument\/51"}],"acf:post":[{"embeddable":true,"href":"https:\/\/www.salineacademy.com\/en\/wp-json\/wp\/v2\/teacher\/4046"}],"wp:featuredmedia":[{"embeddable":true,"href":"https:\/\/www.salineacademy.com\/en\/wp-json\/wp\/v2\/media\/2184"}],"wp:attachment":[{"href":"https:\/\/www.salineacademy.com\/en\/wp-json\/wp\/v2\/media?parent=2187"}],"wp:term":[{"taxonomy":"product_brand","embeddable":true,"href":"https:\/\/www.salineacademy.com\/en\/wp-json\/wp\/v2\/product_brand?post=2187"},{"taxonomy":"product_cat","embeddable":true,"href":"https:\/\/www.salineacademy.com\/en\/wp-json\/wp\/v2\/product_cat?post=2187"},{"taxonomy":"product_tag","embeddable":true,"href":"https:\/\/www.salineacademy.com\/en\/wp-json\/wp\/v2\/product_tag?post=2187"}],"curies":[{"name":"wp","href":"https:\/\/api.w.org\/{rel}","templated":true}]}}