{"id":2431,"date":"2025-08-08T18:02:07","date_gmt":"2025-08-08T16:02:07","guid":{"rendered":"https:\/\/www.salineacademy.com\/replay\/le-baiser-de-lenfant-jesus\/"},"modified":"2025-09-02T16:33:51","modified_gmt":"2025-09-02T14:33:51","slug":"le-baiser-de-lenfant-jesus","status":"publish","type":"product","link":"https:\/\/www.salineacademy.com\/en\/replay\/le-baiser-de-lenfant-jesus\/","title":{"rendered":"Le Baiser de l&#8217;Enfant J\u00e9sus"},"content":{"rendered":"<p>In this masterclass, Professor Th\u00e9r\u00e8se Fahy works with student Rachel on pacing, phrasing, and clarity in \u201cLe Baiser de l&#8217;Enfant-J\u00e9sus\u201d by Olivier Messiaen.<\/p>\n","protected":false},"excerpt":{"rendered":"<p>In this masterclass, Professor Th\u00e9r\u00e8se Fahy works with student Rachel on pacing, phrasing, and clarity in \u201cLe Baiser de l&#8217;Enfant-J\u00e9sus\u201d by Olivier Messiaen.<\/p>\n","protected":false},"featured_media":2428,"template":"","meta":{"_acf_changed":false,"inline_featured_image":false},"product_brand":[],"product_cat":[55],"product_tag":[],"class_list":{"0":"post-2431","1":"product","2":"type-product","3":"status-publish","4":"has-post-thumbnail","6":"product_cat-masterclass-en","9":"first","10":"instock","11":"virtual","12":"taxable","13":"purchasable","14":"product-type-simple"},"acf":{"professeur":[4043],"composer":"Messiaen, Olivier","type_de_contenu":"masterclass","slug_video":"Zi0NazuP0s","slug_extrait_video":"kYAbkf0DqQ","instruments":[51],"photo_de_fond":2429},"_links":{"self":[{"href":"https:\/\/www.salineacademy.com\/en\/wp-json\/wp\/v2\/product\/2431","targetHints":{"allow":["GET"]}}],"collection":[{"href":"https:\/\/www.salineacademy.com\/en\/wp-json\/wp\/v2\/product"}],"about":[{"href":"https:\/\/www.salineacademy.com\/en\/wp-json\/wp\/v2\/types\/product"}],"acf:term":[{"embeddable":true,"taxonomy":"instrument","href":"https:\/\/www.salineacademy.com\/en\/wp-json\/wp\/v2\/instrument\/51"}],"acf:post":[{"embeddable":true,"href":"https:\/\/www.salineacademy.com\/en\/wp-json\/wp\/v2\/teacher\/4043"}],"wp:featuredmedia":[{"embeddable":true,"href":"https:\/\/www.salineacademy.com\/en\/wp-json\/wp\/v2\/media\/2428"}],"wp:attachment":[{"href":"https:\/\/www.salineacademy.com\/en\/wp-json\/wp\/v2\/media?parent=2431"}],"wp:term":[{"taxonomy":"product_brand","embeddable":true,"href":"https:\/\/www.salineacademy.com\/en\/wp-json\/wp\/v2\/product_brand?post=2431"},{"taxonomy":"product_cat","embeddable":true,"href":"https:\/\/www.salineacademy.com\/en\/wp-json\/wp\/v2\/product_cat?post=2431"},{"taxonomy":"product_tag","embeddable":true,"href":"https:\/\/www.salineacademy.com\/en\/wp-json\/wp\/v2\/product_tag?post=2431"}],"curies":[{"name":"wp","href":"https:\/\/api.w.org\/{rel}","templated":true}]}}