{"id":2621,"date":"2025-08-08T18:05:53","date_gmt":"2025-08-08T16:05:53","guid":{"rendered":"https:\/\/www.salineacademy.com\/replay\/violin-concerto-no-2-bb-117-1st-movement-part-2\/"},"modified":"2025-09-02T16:33:10","modified_gmt":"2025-09-02T14:33:10","slug":"violin-concerto-no-2-bb-117-1st-movement-part-2","status":"publish","type":"product","link":"https:\/\/www.salineacademy.com\/en\/replay\/violin-concerto-no-2-bb-117-1st-movement-part-2\/","title":{"rendered":"Violin Concerto No. 2, BB 117, 1st movement, part 2"},"content":{"rendered":"<p>Barnab\u00e1s Kelemen and Sarah Bayens navigate B\u00e9la Bart\u00f3k\u2019s written punctuation and indications in this masterclass for the violin.<\/p>\n","protected":false},"excerpt":{"rendered":"<p>Barnab\u00e1s Kelemen and Sarah Bayens navigate B\u00e9la Bart\u00f3k\u2019s written punctuation and indications in this masterclass for the violin.<\/p>\n","protected":false},"featured_media":2618,"template":"","meta":{"_acf_changed":false,"inline_featured_image":false},"product_brand":[],"product_cat":[55],"product_tag":[],"class_list":{"0":"post-2621","1":"product","2":"type-product","3":"status-publish","4":"has-post-thumbnail","6":"product_cat-masterclass-en","9":"first","10":"instock","11":"virtual","12":"taxable","13":"purchasable","14":"product-type-simple"},"acf":{"professeur":[4051],"composer":"Bart\u00f3k, B\u00e9la","type_de_contenu":"masterclass","slug_video":"6AiMSzOtyw","slug_extrait_video":"oMqZ9cPTYg","instruments":[45],"photo_de_fond":2619},"_links":{"self":[{"href":"https:\/\/www.salineacademy.com\/en\/wp-json\/wp\/v2\/product\/2621","targetHints":{"allow":["GET"]}}],"collection":[{"href":"https:\/\/www.salineacademy.com\/en\/wp-json\/wp\/v2\/product"}],"about":[{"href":"https:\/\/www.salineacademy.com\/en\/wp-json\/wp\/v2\/types\/product"}],"acf:term":[{"embeddable":true,"taxonomy":"instrument","href":"https:\/\/www.salineacademy.com\/en\/wp-json\/wp\/v2\/instrument\/45"}],"acf:post":[{"embeddable":true,"href":"https:\/\/www.salineacademy.com\/en\/wp-json\/wp\/v2\/teacher\/4051"}],"wp:featuredmedia":[{"embeddable":true,"href":"https:\/\/www.salineacademy.com\/en\/wp-json\/wp\/v2\/media\/2618"}],"wp:attachment":[{"href":"https:\/\/www.salineacademy.com\/en\/wp-json\/wp\/v2\/media?parent=2621"}],"wp:term":[{"taxonomy":"product_brand","embeddable":true,"href":"https:\/\/www.salineacademy.com\/en\/wp-json\/wp\/v2\/product_brand?post=2621"},{"taxonomy":"product_cat","embeddable":true,"href":"https:\/\/www.salineacademy.com\/en\/wp-json\/wp\/v2\/product_cat?post=2621"},{"taxonomy":"product_tag","embeddable":true,"href":"https:\/\/www.salineacademy.com\/en\/wp-json\/wp\/v2\/product_tag?post=2621"}],"curies":[{"name":"wp","href":"https:\/\/api.w.org\/{rel}","templated":true}]}}