{"id":2805,"date":"2025-08-08T18:09:30","date_gmt":"2025-08-08T16:09:30","guid":{"rendered":"https:\/\/www.salineacademy.com\/replay\/cello-concerto-in-b-minor-op-104-3\/"},"modified":"2025-09-02T16:32:29","modified_gmt":"2025-09-02T14:32:29","slug":"cello-concerto-in-b-minor-op-104-3","status":"publish","type":"product","link":"https:\/\/www.salineacademy.com\/en\/replay\/cello-concerto-in-b-minor-op-104-3\/","title":{"rendered":"Cello Concerto in B minor, Op. 104"},"content":{"rendered":"<p>In this masterclass, Professor Sung-Won Yang and student Jiyoung Noh work together on the first and second movement of the Cello Concerto in B minor by Anton\u00edn Dvo\u0159\u00e1k.<\/p>\n","protected":false},"excerpt":{"rendered":"<p>In this masterclass, Professor Sung-Won Yang and student Jiyoung Noh work together on the first and second movement of the Cello Concerto in B minor by Anton\u00edn Dvo\u0159\u00e1k.<\/p>\n","protected":false},"featured_media":2802,"template":"","meta":{"_acf_changed":false,"inline_featured_image":false},"product_brand":[],"product_cat":[55],"product_tag":[],"class_list":{"0":"post-2805","1":"product","2":"type-product","3":"status-publish","4":"has-post-thumbnail","6":"product_cat-masterclass-en","9":"first","10":"instock","11":"virtual","12":"taxable","13":"purchasable","14":"product-type-simple"},"acf":{"professeur":[4039],"composer":"Dvo\u0159\u00e1k, Anton\u00edn","type_de_contenu":"masterclass","slug_video":"H2g4sB0RGW","slug_extrait_video":"nui3F2qnXH","instruments":[43],"photo_de_fond":2803},"_links":{"self":[{"href":"https:\/\/www.salineacademy.com\/en\/wp-json\/wp\/v2\/product\/2805","targetHints":{"allow":["GET"]}}],"collection":[{"href":"https:\/\/www.salineacademy.com\/en\/wp-json\/wp\/v2\/product"}],"about":[{"href":"https:\/\/www.salineacademy.com\/en\/wp-json\/wp\/v2\/types\/product"}],"acf:term":[{"embeddable":true,"taxonomy":"instrument","href":"https:\/\/www.salineacademy.com\/en\/wp-json\/wp\/v2\/instrument\/43"}],"acf:post":[{"embeddable":true,"href":"https:\/\/www.salineacademy.com\/en\/wp-json\/wp\/v2\/teacher\/4039"}],"wp:featuredmedia":[{"embeddable":true,"href":"https:\/\/www.salineacademy.com\/en\/wp-json\/wp\/v2\/media\/2802"}],"wp:attachment":[{"href":"https:\/\/www.salineacademy.com\/en\/wp-json\/wp\/v2\/media?parent=2805"}],"wp:term":[{"taxonomy":"product_brand","embeddable":true,"href":"https:\/\/www.salineacademy.com\/en\/wp-json\/wp\/v2\/product_brand?post=2805"},{"taxonomy":"product_cat","embeddable":true,"href":"https:\/\/www.salineacademy.com\/en\/wp-json\/wp\/v2\/product_cat?post=2805"},{"taxonomy":"product_tag","embeddable":true,"href":"https:\/\/www.salineacademy.com\/en\/wp-json\/wp\/v2\/product_tag?post=2805"}],"curies":[{"name":"wp","href":"https:\/\/api.w.org\/{rel}","templated":true}]}}