{"id":3055,"date":"2025-08-08T18:14:15","date_gmt":"2025-08-08T16:14:15","guid":{"rendered":"https:\/\/www.salineacademy.com\/replay\/miroirs-no-3-une-barque-sur-locean\/"},"modified":"2025-09-02T16:31:30","modified_gmt":"2025-09-02T14:31:30","slug":"miroirs-no-3-une-barque-sur-locean","status":"publish","type":"product","link":"https:\/\/www.salineacademy.com\/en\/replay\/miroirs-no-3-une-barque-sur-locean\/","title":{"rendered":"Miroirs No.3, &#8220;Une barque sur l&#8217;oc\u00e9an&#8221;"},"content":{"rendered":"<p>In this masterclass, Michel B\u00e9roff and student Xinyao Lyu are taking on Une barque sur l&#8217;oc\u00e9an from Miroirs by French composer Maurice Ravel.<\/p>\n","protected":false},"excerpt":{"rendered":"<p>In this masterclass, Michel B\u00e9roff and student Xinyao Lyu are taking on Une barque sur l&#8217;oc\u00e9an from Miroirs by French composer Maurice Ravel.<\/p>\n","protected":false},"featured_media":3052,"template":"","meta":{"_acf_changed":false,"inline_featured_image":false},"product_brand":[],"product_cat":[55],"product_tag":[],"class_list":{"0":"post-3055","1":"product","2":"type-product","3":"status-publish","4":"has-post-thumbnail","6":"product_cat-masterclass-en","9":"first","10":"instock","11":"virtual","12":"taxable","13":"purchasable","14":"product-type-simple"},"acf":{"professeur":[4054],"composer":"Ravel, Maurice","type_de_contenu":"masterclass","slug_video":"dqwLmHE5Th","slug_extrait_video":"CmNCXtMzsI","instruments":[51],"photo_de_fond":3053},"_links":{"self":[{"href":"https:\/\/www.salineacademy.com\/en\/wp-json\/wp\/v2\/product\/3055","targetHints":{"allow":["GET"]}}],"collection":[{"href":"https:\/\/www.salineacademy.com\/en\/wp-json\/wp\/v2\/product"}],"about":[{"href":"https:\/\/www.salineacademy.com\/en\/wp-json\/wp\/v2\/types\/product"}],"acf:term":[{"embeddable":true,"taxonomy":"instrument","href":"https:\/\/www.salineacademy.com\/en\/wp-json\/wp\/v2\/instrument\/51"}],"acf:post":[{"embeddable":true,"href":"https:\/\/www.salineacademy.com\/en\/wp-json\/wp\/v2\/teacher\/4054"}],"wp:featuredmedia":[{"embeddable":true,"href":"https:\/\/www.salineacademy.com\/en\/wp-json\/wp\/v2\/media\/3052"}],"wp:attachment":[{"href":"https:\/\/www.salineacademy.com\/en\/wp-json\/wp\/v2\/media?parent=3055"}],"wp:term":[{"taxonomy":"product_brand","embeddable":true,"href":"https:\/\/www.salineacademy.com\/en\/wp-json\/wp\/v2\/product_brand?post=3055"},{"taxonomy":"product_cat","embeddable":true,"href":"https:\/\/www.salineacademy.com\/en\/wp-json\/wp\/v2\/product_cat?post=3055"},{"taxonomy":"product_tag","embeddable":true,"href":"https:\/\/www.salineacademy.com\/en\/wp-json\/wp\/v2\/product_tag?post=3055"}],"curies":[{"name":"wp","href":"https:\/\/api.w.org\/{rel}","templated":true}]}}