{"id":3129,"date":"2025-08-08T18:15:38","date_gmt":"2025-08-08T16:15:38","guid":{"rendered":"https:\/\/www.salineacademy.com\/replay\/string-quartet-no-10-in-e%e2%99%ad-major-op-51-third-movement\/"},"modified":"2025-09-02T16:31:12","modified_gmt":"2025-09-02T14:31:12","slug":"string-quartet-no-10-in-e%e2%99%ad-major-op-51-third-movement","status":"publish","type":"product","link":"https:\/\/www.salineacademy.com\/en\/replay\/string-quartet-no-10-in-e%e2%99%ad-major-op-51-third-movement\/","title":{"rendered":"String Quartet No.10 in E\u266d major, Op. 51 &#8211; third movement"},"content":{"rendered":"<p>In this chamber music masterclass, Professor Martin Beavers is helping students Amber Emson, Ozgur Kaya, Emmanuel Webb and Hattie Quick work on Dvo\u0159\u00e1k&#8217;s String Quartet No.10 in E\u266d major, Op. 51.<\/p>\n","protected":false},"excerpt":{"rendered":"<p>In this chamber music masterclass, Professor Martin Beavers is helping students Amber Emson, Ozgur Kaya, Emmanuel Webb and Hattie Quick work on Dvo\u0159\u00e1k&#8217;s String Quartet No.10 in E\u266d major, Op. 51.<\/p>\n","protected":false},"featured_media":3126,"template":"","meta":{"_acf_changed":false,"inline_featured_image":false},"product_brand":[],"product_cat":[55],"product_tag":[],"class_list":{"0":"post-3129","1":"product","2":"type-product","3":"status-publish","4":"has-post-thumbnail","6":"product_cat-masterclass-en","9":"first","10":"instock","11":"virtual","12":"taxable","13":"purchasable","14":"product-type-simple"},"acf":{"professeur":[4085],"composer":"Dvo\u0159\u00e1k, Anton\u00edn","type_de_contenu":"masterclass","slug_video":"ayxzBGEtTo","slug_extrait_video":"akZFBir84X","instruments":[52],"photo_de_fond":3127},"_links":{"self":[{"href":"https:\/\/www.salineacademy.com\/en\/wp-json\/wp\/v2\/product\/3129","targetHints":{"allow":["GET"]}}],"collection":[{"href":"https:\/\/www.salineacademy.com\/en\/wp-json\/wp\/v2\/product"}],"about":[{"href":"https:\/\/www.salineacademy.com\/en\/wp-json\/wp\/v2\/types\/product"}],"acf:term":[{"embeddable":true,"taxonomy":"instrument","href":"https:\/\/www.salineacademy.com\/en\/wp-json\/wp\/v2\/instrument\/52"}],"acf:post":[{"embeddable":true,"href":"https:\/\/www.salineacademy.com\/en\/wp-json\/wp\/v2\/teacher\/4085"}],"wp:featuredmedia":[{"embeddable":true,"href":"https:\/\/www.salineacademy.com\/en\/wp-json\/wp\/v2\/media\/3126"}],"wp:attachment":[{"href":"https:\/\/www.salineacademy.com\/en\/wp-json\/wp\/v2\/media?parent=3129"}],"wp:term":[{"taxonomy":"product_brand","embeddable":true,"href":"https:\/\/www.salineacademy.com\/en\/wp-json\/wp\/v2\/product_brand?post=3129"},{"taxonomy":"product_cat","embeddable":true,"href":"https:\/\/www.salineacademy.com\/en\/wp-json\/wp\/v2\/product_cat?post=3129"},{"taxonomy":"product_tag","embeddable":true,"href":"https:\/\/www.salineacademy.com\/en\/wp-json\/wp\/v2\/product_tag?post=3129"}],"curies":[{"name":"wp","href":"https:\/\/api.w.org\/{rel}","templated":true}]}}