{"id":245,"date":"2025-06-18T14:13:01","date_gmt":"2025-06-18T12:13:01","guid":{"rendered":"https:\/\/www.salineacademy.com\/?page_id=245"},"modified":"2025-08-29T15:13:28","modified_gmt":"2025-08-29T13:13:28","slug":"informations-pratiques","status":"publish","type":"page","link":"https:\/\/www.salineacademy.com\/fr\/informations-pratiques\/","title":{"rendered":"Informations pratiques"},"content":{"rendered":"<div id=\"cs-content\" class=\"cs-content\"><\/div>\n","protected":false},"excerpt":{"rendered":"<p>Informations pratiques Venir \u00e0 l\u2019acad\u00e9mie Villes voisinesDijon Besan\u00e7on D\u00f4leRoutesA36 sortie Gendrey \/\u2028 Saline royale A39 sortie PolignyGaresTER Arc-et-Senans \u2013 Accessible \u00e0 pied. Franche-Comt\u00e9 TGV \u2013 acc\u00e8s direct. Paris et Lyon 2h20, Lausanne 1h30.A\u00e9roportMulhouse-B\u00e2le Gen\u00e8ve Dole \/ Tavaux Lyon-Saint Exup\u00e9ryH\u00e9bergement et restauration \u00e0 la Saline royale d\u2019Arc-et-Senans pendant les acad\u00e9mies Les \u00e9tudiants ont la possibilit\u00e9 de s\u00e9journer au c\u0153ur de la &#8230; <\/p>\n<div><a href=\"https:\/\/www.salineacademy.com\/fr\/informations-pratiques\/\" class=\"more-link\">Read More<\/a><\/div>\n","protected":false},"author":2,"featured_media":0,"parent":0,"menu_order":0,"comment_status":"closed","ping_status":"closed","template":"template-blank-4.php","meta":{"_acf_changed":false,"inline_featured_image":false,"footnotes":""},"class_list":["post-245","page","type-page","status-publish","hentry","no-post-thumbnail"],"acf":[],"_links":{"self":[{"href":"https:\/\/www.salineacademy.com\/fr\/wp-json\/wp\/v2\/pages\/245","targetHints":{"allow":["GET"]}}],"collection":[{"href":"https:\/\/www.salineacademy.com\/fr\/wp-json\/wp\/v2\/pages"}],"about":[{"href":"https:\/\/www.salineacademy.com\/fr\/wp-json\/wp\/v2\/types\/page"}],"author":[{"embeddable":true,"href":"https:\/\/www.salineacademy.com\/fr\/wp-json\/wp\/v2\/users\/2"}],"replies":[{"embeddable":true,"href":"https:\/\/www.salineacademy.com\/fr\/wp-json\/wp\/v2\/comments?post=245"}],"version-history":[{"count":28,"href":"https:\/\/www.salineacademy.com\/fr\/wp-json\/wp\/v2\/pages\/245\/revisions"}],"predecessor-version":[{"id":381,"href":"https:\/\/www.salineacademy.com\/fr\/wp-json\/wp\/v2\/pages\/245\/revisions\/381"}],"wp:attachment":[{"href":"https:\/\/www.salineacademy.com\/fr\/wp-json\/wp\/v2\/media?parent=245"}],"curies":[{"name":"wp","href":"https:\/\/api.w.org\/{rel}","templated":true}]}}