{"id":283,"date":"2025-06-19T16:17:01","date_gmt":"2025-06-19T14:17:01","guid":{"rendered":"https:\/\/www.salineacademy.com\/?page_id=283"},"modified":"2025-09-05T14:47:33","modified_gmt":"2025-09-05T12:47:33","slug":"a-propos","status":"publish","type":"page","link":"https:\/\/www.salineacademy.com\/fr\/a-propos\/","title":{"rendered":"\u00c0 propos"},"content":{"rendered":"<div id=\"cs-content\" class=\"cs-content\"><\/div>\n","protected":false},"excerpt":{"rendered":"<p>\u00c0 propos de la Musicampus &#038; Saline royale Academy Fond\u00e9e en 2020 et install\u00e9e au c\u0153ur du site class\u00e9 de la Saline royale d\u2019Arc-et-Senans (UNESCO), Musicampus a pour vocation, via la \u00ab\u00a0Saline royale Academy\u00a0\u00bb, de participer \u00e0 la formation les musiciens de demain, en alliant authenticit\u00e9 patrimoniale et innovation p\u00e9dagogique. Une p\u00e9dagogie immersive et accessible partout Gr\u00e2ce \u00e0 une plateforme &#8230; <\/p>\n<div><a href=\"https:\/\/www.salineacademy.com\/fr\/a-propos\/\" class=\"more-link\">Read More<\/a><\/div>\n","protected":false},"author":2,"featured_media":0,"parent":0,"menu_order":0,"comment_status":"closed","ping_status":"closed","template":"template-blank-4.php","meta":{"_acf_changed":false,"inline_featured_image":false,"footnotes":""},"class_list":["post-283","page","type-page","status-publish","hentry","no-post-thumbnail"],"acf":[],"_links":{"self":[{"href":"https:\/\/www.salineacademy.com\/fr\/wp-json\/wp\/v2\/pages\/283","targetHints":{"allow":["GET"]}}],"collection":[{"href":"https:\/\/www.salineacademy.com\/fr\/wp-json\/wp\/v2\/pages"}],"about":[{"href":"https:\/\/www.salineacademy.com\/fr\/wp-json\/wp\/v2\/types\/page"}],"author":[{"embeddable":true,"href":"https:\/\/www.salineacademy.com\/fr\/wp-json\/wp\/v2\/users\/2"}],"replies":[{"embeddable":true,"href":"https:\/\/www.salineacademy.com\/fr\/wp-json\/wp\/v2\/comments?post=283"}],"version-history":[{"count":7,"href":"https:\/\/www.salineacademy.com\/fr\/wp-json\/wp\/v2\/pages\/283\/revisions"}],"predecessor-version":[{"id":4186,"href":"https:\/\/www.salineacademy.com\/fr\/wp-json\/wp\/v2\/pages\/283\/revisions\/4186"}],"wp:attachment":[{"href":"https:\/\/www.salineacademy.com\/fr\/wp-json\/wp\/v2\/media?parent=283"}],"curies":[{"name":"wp","href":"https:\/\/api.w.org\/{rel}","templated":true}]}}