{"id":314,"date":"2025-06-20T15:34:07","date_gmt":"2025-06-20T13:34:07","guid":{"rendered":"https:\/\/www.salineacademy.com\/a-propos-2-2\/"},"modified":"2025-10-13T17:58:31","modified_gmt":"2025-10-13T15:58:31","slug":"conditions-generales-dutilisation","status":"publish","type":"page","link":"https:\/\/www.salineacademy.com\/fr\/conditions-generales-dutilisation\/","title":{"rendered":"Conditions g\u00e9n\u00e9rales d&rsquo;utilisation"},"content":{"rendered":"<div id=\"cs-content\" class=\"cs-content\"><\/div>\n","protected":false},"excerpt":{"rendered":"<p>CONDITIONS G&Eacute;N&Eacute;RALES D&rsquo;UTILISATION DU SITE INTERNET : \u00a0https:\/\/www.salineacademy.com Mise \u00e0 jour : mai 2023 MENTIONS L\u00c9GALES Le site internet accessible \u00e0 l\u2019adresse suivante\u00a0:\u00a0https:\/\/www.salineacademy.com\/fr\/\u00a0(ci-apr\u00e8s le \u201cSite\u201d) est \u00e9dit\u00e9 par la Soci\u00e9t\u00e9 MUSICAMPUS SAS, Soci\u00e9t\u00e9 par Actions simplifi\u00e9e au capital de 117 500\u20ac, identifi\u00e9e sous le num\u00e9ro 885 407 189 au Registre du Commerce et des Soci\u00e9t\u00e9s de Besan\u00e7on, au num\u00e9ro de &#8230; <\/p>\n<div><a href=\"https:\/\/www.salineacademy.com\/fr\/conditions-generales-dutilisation\/\" class=\"more-link\">Read More<\/a><\/div>\n","protected":false},"author":2,"featured_media":0,"parent":0,"menu_order":0,"comment_status":"closed","ping_status":"closed","template":"template-blank-4.php","meta":{"_acf_changed":false,"inline_featured_image":false,"footnotes":""},"class_list":["post-314","page","type-page","status-publish","hentry","no-post-thumbnail"],"acf":[],"_links":{"self":[{"href":"https:\/\/www.salineacademy.com\/fr\/wp-json\/wp\/v2\/pages\/314","targetHints":{"allow":["GET"]}}],"collection":[{"href":"https:\/\/www.salineacademy.com\/fr\/wp-json\/wp\/v2\/pages"}],"about":[{"href":"https:\/\/www.salineacademy.com\/fr\/wp-json\/wp\/v2\/types\/page"}],"author":[{"embeddable":true,"href":"https:\/\/www.salineacademy.com\/fr\/wp-json\/wp\/v2\/users\/2"}],"replies":[{"embeddable":true,"href":"https:\/\/www.salineacademy.com\/fr\/wp-json\/wp\/v2\/comments?post=314"}],"version-history":[{"count":11,"href":"https:\/\/www.salineacademy.com\/fr\/wp-json\/wp\/v2\/pages\/314\/revisions"}],"predecessor-version":[{"id":519,"href":"https:\/\/www.salineacademy.com\/fr\/wp-json\/wp\/v2\/pages\/314\/revisions\/519"}],"wp:attachment":[{"href":"https:\/\/www.salineacademy.com\/fr\/wp-json\/wp\/v2\/media?parent=314"}],"curies":[{"name":"wp","href":"https:\/\/api.w.org\/{rel}","templated":true}]}}