{"id":330,"date":"2025-06-23T09:54:55","date_gmt":"2025-06-23T07:54:55","guid":{"rendered":"https:\/\/www.salineacademy.com\/a-propos-2-3-2\/"},"modified":"2025-10-13T19:24:37","modified_gmt":"2025-10-13T17:24:37","slug":"politique-de-confidentialite-et-de-gestion-des-cookies","status":"publish","type":"page","link":"https:\/\/www.salineacademy.com\/fr\/politique-de-confidentialite-et-de-gestion-des-cookies\/","title":{"rendered":"Politique de confidentialit\u00e9 et de gestion des cookies"},"content":{"rendered":"<div id=\"cs-content\" class=\"cs-content\"><\/div>\n","protected":false},"excerpt":{"rendered":"<p>Politique de confidentialit&eacute; et politique de gestion des cookies d&eacute;pos&eacute;s sur le site internet de la Soci&eacute;t&eacute; MUSICAMPUS SAS : Mise \u00e0 jour\u00a0: Mai 2023 Objet Cette politique de confidentialit\u00e9 (ci-apr\u00e8s la \u00ab\u00a0Politique de Confidentialit\u00e9\u00a0\u00bb) illustre l&rsquo;engagement de la soci\u00e9t\u00e9\u00a0MUSICAMPUS SAS,\u00a0Soci\u00e9t\u00e9 par Actions Simplifi\u00e9e au capital social de\u00a0117\u00a0500\u20ac immatricul\u00e9e au Registre du Commerce et des Soci\u00e9t\u00e9s\u00a0de Besan\u00e7on sous le num\u00e9ro &#8230; <\/p>\n<div><a href=\"https:\/\/www.salineacademy.com\/fr\/politique-de-confidentialite-et-de-gestion-des-cookies\/\" class=\"more-link\">Read More<\/a><\/div>\n","protected":false},"author":2,"featured_media":0,"parent":0,"menu_order":0,"comment_status":"closed","ping_status":"closed","template":"template-blank-4.php","meta":{"_acf_changed":false,"inline_featured_image":false,"footnotes":""},"class_list":["post-330","page","type-page","status-publish","hentry","no-post-thumbnail"],"acf":[],"_links":{"self":[{"href":"https:\/\/www.salineacademy.com\/fr\/wp-json\/wp\/v2\/pages\/330","targetHints":{"allow":["GET"]}}],"collection":[{"href":"https:\/\/www.salineacademy.com\/fr\/wp-json\/wp\/v2\/pages"}],"about":[{"href":"https:\/\/www.salineacademy.com\/fr\/wp-json\/wp\/v2\/types\/page"}],"author":[{"embeddable":true,"href":"https:\/\/www.salineacademy.com\/fr\/wp-json\/wp\/v2\/users\/2"}],"replies":[{"embeddable":true,"href":"https:\/\/www.salineacademy.com\/fr\/wp-json\/wp\/v2\/comments?post=330"}],"version-history":[{"count":4,"href":"https:\/\/www.salineacademy.com\/fr\/wp-json\/wp\/v2\/pages\/330\/revisions"}],"predecessor-version":[{"id":382,"href":"https:\/\/www.salineacademy.com\/fr\/wp-json\/wp\/v2\/pages\/330\/revisions\/382"}],"wp:attachment":[{"href":"https:\/\/www.salineacademy.com\/fr\/wp-json\/wp\/v2\/media?parent=330"}],"curies":[{"name":"wp","href":"https:\/\/api.w.org\/{rel}","templated":true}]}}