{"id":336,"date":"2025-06-23T11:04:11","date_gmt":"2025-06-23T09:04:11","guid":{"rendered":"https:\/\/www.salineacademy.com\/?page_id=336"},"modified":"2025-09-05T12:33:50","modified_gmt":"2025-09-05T10:33:50","slug":"contact","status":"publish","type":"page","link":"https:\/\/www.salineacademy.com\/fr\/contact\/","title":{"rendered":"Contact"},"content":{"rendered":"<div id=\"cs-content\" class=\"cs-content\"><\/div>\n","protected":false},"excerpt":{"rendered":"<p>Contactez la Saline Royale Acad\u00e9my Votre nom Votre e-mail D\u00e9partement G\u00e9n\u00e9ralSupport techniqueAcad\u00e9mies \u00e0 la saline Royale Objet Votre message<\/p>\n","protected":false},"author":2,"featured_media":0,"parent":0,"menu_order":0,"comment_status":"closed","ping_status":"closed","template":"template-blank-4.php","meta":{"_acf_changed":false,"inline_featured_image":false,"footnotes":""},"class_list":["post-336","page","type-page","status-publish","hentry","no-post-thumbnail"],"acf":[],"_links":{"self":[{"href":"https:\/\/www.salineacademy.com\/fr\/wp-json\/wp\/v2\/pages\/336","targetHints":{"allow":["GET"]}}],"collection":[{"href":"https:\/\/www.salineacademy.com\/fr\/wp-json\/wp\/v2\/pages"}],"about":[{"href":"https:\/\/www.salineacademy.com\/fr\/wp-json\/wp\/v2\/types\/page"}],"author":[{"embeddable":true,"href":"https:\/\/www.salineacademy.com\/fr\/wp-json\/wp\/v2\/users\/2"}],"replies":[{"embeddable":true,"href":"https:\/\/www.salineacademy.com\/fr\/wp-json\/wp\/v2\/comments?post=336"}],"version-history":[{"count":9,"href":"https:\/\/www.salineacademy.com\/fr\/wp-json\/wp\/v2\/pages\/336\/revisions"}],"predecessor-version":[{"id":368,"href":"https:\/\/www.salineacademy.com\/fr\/wp-json\/wp\/v2\/pages\/336\/revisions\/368"}],"wp:attachment":[{"href":"https:\/\/www.salineacademy.com\/fr\/wp-json\/wp\/v2\/media?parent=336"}],"curies":[{"name":"wp","href":"https:\/\/api.w.org\/{rel}","templated":true}]}}