{"id":9,"date":"2025-06-11T10:43:48","date_gmt":"2025-06-11T08:43:48","guid":{"rendered":"https:\/\/www.salineacademy.com\/?page_id=9"},"modified":"2025-10-13T14:36:24","modified_gmt":"2025-10-13T12:36:24","slug":"accueil","status":"publish","type":"page","link":"https:\/\/www.salineacademy.com\/fr\/","title":{"rendered":"Accueil"},"content":{"rendered":"<div id=\"cs-content\" class=\"cs-content\"><\/div>\n","protected":false},"excerpt":{"rendered":"<p>Rejoignez l\u2019excellence musicale La Saline royale academy a pour objectif de participer \u00e0 la formation des meilleurs musiciens de demain. Pour cela, nous organisons des masterclasses \u00e0 la Saline royale d&rsquo;Arc et Senans, donn\u00e9es par les plus grands professeurs de musique classique, et que nous vous proposons de visionner en replay. D\u00e9couvrez le programme et venez vous perfectionner avec nos &#8230; <\/p>\n<div><a href=\"https:\/\/www.salineacademy.com\/fr\/\" class=\"more-link\">Read More<\/a><\/div>\n","protected":false},"author":2,"featured_media":0,"parent":0,"menu_order":0,"comment_status":"closed","ping_status":"closed","template":"template-blank-4.php","meta":{"_acf_changed":false,"inline_featured_image":false,"footnotes":""},"class_list":["post-9","page","type-page","status-publish","hentry","no-post-thumbnail"],"acf":[],"_links":{"self":[{"href":"https:\/\/www.salineacademy.com\/fr\/wp-json\/wp\/v2\/pages\/9","targetHints":{"allow":["GET"]}}],"collection":[{"href":"https:\/\/www.salineacademy.com\/fr\/wp-json\/wp\/v2\/pages"}],"about":[{"href":"https:\/\/www.salineacademy.com\/fr\/wp-json\/wp\/v2\/types\/page"}],"author":[{"embeddable":true,"href":"https:\/\/www.salineacademy.com\/fr\/wp-json\/wp\/v2\/users\/2"}],"replies":[{"embeddable":true,"href":"https:\/\/www.salineacademy.com\/fr\/wp-json\/wp\/v2\/comments?post=9"}],"version-history":[{"count":85,"href":"https:\/\/www.salineacademy.com\/fr\/wp-json\/wp\/v2\/pages\/9\/revisions"}],"predecessor-version":[{"id":1105,"href":"https:\/\/www.salineacademy.com\/fr\/wp-json\/wp\/v2\/pages\/9\/revisions\/1105"}],"wp:attachment":[{"href":"https:\/\/www.salineacademy.com\/fr\/wp-json\/wp\/v2\/media?parent=9"}],"curies":[{"name":"wp","href":"https:\/\/api.w.org\/{rel}","templated":true}]}}