{"id":1182,"date":"2025-08-08T17:36:51","date_gmt":"2025-08-08T15:36:51","guid":{"rendered":"https:\/\/www.salineacademy.com\/replay\/concerto-pour-violon-n%e1%b5%92-2-bb-117-partie-1\/"},"modified":"2025-09-10T16:24:53","modified_gmt":"2025-09-10T14:24:53","slug":"concerto-pour-violon-n%e1%b5%92-2-bb-117-partie-1","status":"publish","type":"product","link":"https:\/\/www.salineacademy.com\/fr\/replay\/concerto-pour-violon-n%e1%b5%92-2-bb-117-partie-1\/","title":{"rendered":"Concerto pour violon n\u1d52 2,  BB 117, partie 1"},"content":{"rendered":"<p>Barnab\u00e1s Kelemen et Marija Strapcane abordent la dynamique, le tempo et la syncope parmi de nombreux autres \u00e9l\u00e9ments  dans le Concerto pour violon n\u00b0 2 de B\u00e9la Bart\u00f3k<\/p>\n","protected":false},"excerpt":{"rendered":"<p>Barnab\u00e1s Kelemen et Marija Strapcane abordent la dynamique, le tempo et la syncope parmi de nombreux autres \u00e9l\u00e9ments dans le Concerto pour violon n\u00b0 2 de B\u00e9la Bart\u00f3k<\/p>\n","protected":false},"featured_media":1180,"template":"","meta":{"_acf_changed":false,"inline_featured_image":false},"product_brand":[],"product_cat":[30],"product_tag":[],"class_list":{"0":"post-1182","1":"product","2":"type-product","3":"status-publish","4":"has-post-thumbnail","6":"product_cat-masterclass","9":"first","10":"instock","11":"virtual","12":"taxable","13":"purchasable","14":"product-type-simple"},"acf":{"professeur":[778],"composer":"Bart\u00f3k, B\u00e9la","type_de_contenu":"masterclass","slug_video":"vayThn13EN","slug_extrait_video":"mc22Cp93u6","instruments":[34],"photo_de_fond":1180},"_links":{"self":[{"href":"https:\/\/www.salineacademy.com\/fr\/wp-json\/wp\/v2\/product\/1182","targetHints":{"allow":["GET"]}}],"collection":[{"href":"https:\/\/www.salineacademy.com\/fr\/wp-json\/wp\/v2\/product"}],"about":[{"href":"https:\/\/www.salineacademy.com\/fr\/wp-json\/wp\/v2\/types\/product"}],"acf:term":[{"embeddable":true,"taxonomy":"instrument","href":"https:\/\/www.salineacademy.com\/fr\/wp-json\/wp\/v2\/instrument\/34"}],"acf:post":[{"embeddable":true,"href":"https:\/\/www.salineacademy.com\/fr\/wp-json\/wp\/v2\/teacher\/778"}],"wp:featuredmedia":[{"embeddable":true,"href":"https:\/\/www.salineacademy.com\/fr\/wp-json\/wp\/v2\/media\/1180"}],"wp:attachment":[{"href":"https:\/\/www.salineacademy.com\/fr\/wp-json\/wp\/v2\/media?parent=1182"}],"wp:term":[{"taxonomy":"product_brand","embeddable":true,"href":"https:\/\/www.salineacademy.com\/fr\/wp-json\/wp\/v2\/product_brand?post=1182"},{"taxonomy":"product_cat","embeddable":true,"href":"https:\/\/www.salineacademy.com\/fr\/wp-json\/wp\/v2\/product_cat?post=1182"},{"taxonomy":"product_tag","embeddable":true,"href":"https:\/\/www.salineacademy.com\/fr\/wp-json\/wp\/v2\/product_tag?post=1182"}],"curies":[{"name":"wp","href":"https:\/\/api.w.org\/{rel}","templated":true}]}}