{"id":1198,"date":"2025-08-08T17:37:09","date_gmt":"2025-08-08T15:37:09","guid":{"rendered":"https:\/\/www.salineacademy.com\/replay\/kristof-barati\/"},"modified":"2025-09-10T16:24:49","modified_gmt":"2025-09-10T14:24:49","slug":"kristof-barati","status":"publish","type":"product","link":"https:\/\/www.salineacademy.com\/fr\/replay\/kristof-barati\/","title":{"rendered":"Krist\u00f3f Bar\u00e1ti"},"content":{"rendered":"<p>Krist\u00f3f Bar\u00e1ti is a Hungarian musician and violinist, Professor in Franz Liszt Music Academy in Budapest. In this interview he talks about success, which is more about finding happiness than recognition.<\/p>\n","protected":false},"excerpt":{"rendered":"<p>Krist\u00f3f Bar\u00e1ti is a Hungarian musician and violinist, Professor in Franz Liszt Music Academy in Budapest. In this interview he talks about success, which is more about finding happiness than recognition.<\/p>\n","protected":false},"featured_media":1196,"template":"","meta":{"_acf_changed":false,"inline_featured_image":false},"product_brand":[],"product_cat":[31],"product_tag":[],"class_list":{"0":"post-1198","1":"product","2":"type-product","3":"status-publish","4":"has-post-thumbnail","6":"product_cat-interview","9":"first","10":"instock","11":"virtual","12":"taxable","13":"purchasable","14":"product-type-simple"},"acf":{"professeur":[826],"composer":"","type_de_contenu":"interview","slug_video":"juewTt3JMN","slug_extrait_video":"tTufNYnYIN","instruments":[34],"photo_de_fond":1196},"_links":{"self":[{"href":"https:\/\/www.salineacademy.com\/fr\/wp-json\/wp\/v2\/product\/1198","targetHints":{"allow":["GET"]}}],"collection":[{"href":"https:\/\/www.salineacademy.com\/fr\/wp-json\/wp\/v2\/product"}],"about":[{"href":"https:\/\/www.salineacademy.com\/fr\/wp-json\/wp\/v2\/types\/product"}],"acf:term":[{"embeddable":true,"taxonomy":"instrument","href":"https:\/\/www.salineacademy.com\/fr\/wp-json\/wp\/v2\/instrument\/34"}],"acf:post":[{"embeddable":true,"href":"https:\/\/www.salineacademy.com\/fr\/wp-json\/wp\/v2\/teacher\/826"}],"wp:featuredmedia":[{"embeddable":true,"href":"https:\/\/www.salineacademy.com\/fr\/wp-json\/wp\/v2\/media\/1196"}],"wp:attachment":[{"href":"https:\/\/www.salineacademy.com\/fr\/wp-json\/wp\/v2\/media?parent=1198"}],"wp:term":[{"taxonomy":"product_brand","embeddable":true,"href":"https:\/\/www.salineacademy.com\/fr\/wp-json\/wp\/v2\/product_brand?post=1198"},{"taxonomy":"product_cat","embeddable":true,"href":"https:\/\/www.salineacademy.com\/fr\/wp-json\/wp\/v2\/product_cat?post=1198"},{"taxonomy":"product_tag","embeddable":true,"href":"https:\/\/www.salineacademy.com\/fr\/wp-json\/wp\/v2\/product_tag?post=1198"}],"curies":[{"name":"wp","href":"https:\/\/api.w.org\/{rel}","templated":true}]}}