{"id":1250,"date":"2025-08-08T17:38:08","date_gmt":"2025-08-08T15:38:08","guid":{"rendered":"https:\/\/www.salineacademy.com\/replay\/sonate-pour-violon-n-1-3eme-mouvement\/"},"modified":"2025-09-10T16:24:35","modified_gmt":"2025-09-10T14:24:35","slug":"sonate-pour-violon-n-1-3eme-mouvement","status":"publish","type":"product","link":"https:\/\/www.salineacademy.com\/fr\/replay\/sonate-pour-violon-n-1-3eme-mouvement\/","title":{"rendered":"Sonate pour violon n\u00b0 1, 3\u00e8me mouvement"},"content":{"rendered":"<p>Barnab\u00e1s Kelemen et Sarah Bayens travaillent \u00e0 capturer la bonne couleur et \u00e0 prendre des d\u00e9cisions musicales dans cette masterclass pour violon.<\/p>\n","protected":false},"excerpt":{"rendered":"<p>Barnab\u00e1s Kelemen et Sarah Bayens travaillent \u00e0 capturer la bonne couleur et \u00e0 prendre des d\u00e9cisions musicales dans cette masterclass pour violon.<\/p>\n","protected":false},"featured_media":1248,"template":"","meta":{"_acf_changed":false,"inline_featured_image":false},"product_brand":[],"product_cat":[30],"product_tag":[],"class_list":{"0":"post-1250","1":"product","2":"type-product","3":"status-publish","4":"has-post-thumbnail","6":"product_cat-masterclass","9":"first","10":"instock","11":"virtual","12":"taxable","13":"purchasable","14":"product-type-simple"},"acf":{"professeur":[778],"composer":"Prokofiev, Sergue\u00ef","type_de_contenu":"masterclass","slug_video":"out9EtIS18","slug_extrait_video":"qou6MUdXBD","instruments":[34],"photo_de_fond":1248},"_links":{"self":[{"href":"https:\/\/www.salineacademy.com\/fr\/wp-json\/wp\/v2\/product\/1250","targetHints":{"allow":["GET"]}}],"collection":[{"href":"https:\/\/www.salineacademy.com\/fr\/wp-json\/wp\/v2\/product"}],"about":[{"href":"https:\/\/www.salineacademy.com\/fr\/wp-json\/wp\/v2\/types\/product"}],"acf:term":[{"embeddable":true,"taxonomy":"instrument","href":"https:\/\/www.salineacademy.com\/fr\/wp-json\/wp\/v2\/instrument\/34"}],"acf:post":[{"embeddable":true,"href":"https:\/\/www.salineacademy.com\/fr\/wp-json\/wp\/v2\/teacher\/778"}],"wp:featuredmedia":[{"embeddable":true,"href":"https:\/\/www.salineacademy.com\/fr\/wp-json\/wp\/v2\/media\/1248"}],"wp:attachment":[{"href":"https:\/\/www.salineacademy.com\/fr\/wp-json\/wp\/v2\/media?parent=1250"}],"wp:term":[{"taxonomy":"product_brand","embeddable":true,"href":"https:\/\/www.salineacademy.com\/fr\/wp-json\/wp\/v2\/product_brand?post=1250"},{"taxonomy":"product_cat","embeddable":true,"href":"https:\/\/www.salineacademy.com\/fr\/wp-json\/wp\/v2\/product_cat?post=1250"},{"taxonomy":"product_tag","embeddable":true,"href":"https:\/\/www.salineacademy.com\/fr\/wp-json\/wp\/v2\/product_tag?post=1250"}],"curies":[{"name":"wp","href":"https:\/\/api.w.org\/{rel}","templated":true}]}}