{"id":1266,"date":"2025-08-08T17:38:25","date_gmt":"2025-08-08T15:38:25","guid":{"rendered":"https:\/\/www.salineacademy.com\/replay\/concerto-pour-piano-en-sol-majeur-op-58-partie-1\/"},"modified":"2025-09-10T16:24:31","modified_gmt":"2025-09-10T14:24:31","slug":"concerto-pour-piano-en-sol-majeur-op-58-partie-1","status":"publish","type":"product","link":"https:\/\/www.salineacademy.com\/fr\/replay\/concerto-pour-piano-en-sol-majeur-op-58-partie-1\/","title":{"rendered":"Concerto pour piano en Sol Majeur, Op. 58, partie 1"},"content":{"rendered":"<p>Dans cette masterclass, Dalberto et son \u00e9l\u00e8ve travaillent le d\u00e9but du Concerto pour piano en Sol Majeur, Op. 58 de Beethoven.<\/p>\n","protected":false},"excerpt":{"rendered":"<p>Dans cette masterclass, Dalberto et son \u00e9l\u00e8ve travaillent le d\u00e9but du Concerto pour piano en Sol Majeur, Op. 58 de Beethoven.<\/p>\n","protected":false},"featured_media":1264,"template":"","meta":{"_acf_changed":false,"inline_featured_image":false},"product_brand":[],"product_cat":[30],"product_tag":[],"class_list":{"0":"post-1266","1":"product","2":"type-product","3":"status-publish","4":"has-post-thumbnail","6":"product_cat-masterclass","9":"first","10":"instock","11":"virtual","12":"taxable","13":"purchasable","14":"product-type-simple"},"acf":{"professeur":[727],"composer":"Beethoven, Ludwig van","type_de_contenu":"masterclass","slug_video":"eglbqkJbol","slug_extrait_video":"YEtxe8nJiQ","instruments":[33],"photo_de_fond":1264},"_links":{"self":[{"href":"https:\/\/www.salineacademy.com\/fr\/wp-json\/wp\/v2\/product\/1266","targetHints":{"allow":["GET"]}}],"collection":[{"href":"https:\/\/www.salineacademy.com\/fr\/wp-json\/wp\/v2\/product"}],"about":[{"href":"https:\/\/www.salineacademy.com\/fr\/wp-json\/wp\/v2\/types\/product"}],"acf:term":[{"embeddable":true,"taxonomy":"instrument","href":"https:\/\/www.salineacademy.com\/fr\/wp-json\/wp\/v2\/instrument\/33"}],"acf:post":[{"embeddable":true,"href":"https:\/\/www.salineacademy.com\/fr\/wp-json\/wp\/v2\/teacher\/727"}],"wp:featuredmedia":[{"embeddable":true,"href":"https:\/\/www.salineacademy.com\/fr\/wp-json\/wp\/v2\/media\/1264"}],"wp:attachment":[{"href":"https:\/\/www.salineacademy.com\/fr\/wp-json\/wp\/v2\/media?parent=1266"}],"wp:term":[{"taxonomy":"product_brand","embeddable":true,"href":"https:\/\/www.salineacademy.com\/fr\/wp-json\/wp\/v2\/product_brand?post=1266"},{"taxonomy":"product_cat","embeddable":true,"href":"https:\/\/www.salineacademy.com\/fr\/wp-json\/wp\/v2\/product_cat?post=1266"},{"taxonomy":"product_tag","embeddable":true,"href":"https:\/\/www.salineacademy.com\/fr\/wp-json\/wp\/v2\/product_tag?post=1266"}],"curies":[{"name":"wp","href":"https:\/\/api.w.org\/{rel}","templated":true}]}}