{"id":1290,"date":"2025-08-08T17:38:54","date_gmt":"2025-08-08T15:38:54","guid":{"rendered":"https:\/\/www.salineacademy.com\/replay\/fantaisie-op-38\/"},"modified":"2025-09-10T16:24:25","modified_gmt":"2025-09-10T14:24:25","slug":"fantaisie-op-38","status":"publish","type":"product","link":"https:\/\/www.salineacademy.com\/fr\/replay\/fantaisie-op-38\/","title":{"rendered":"Fantaisie, Op. 38"},"content":{"rendered":"<p>Jacques Mauger et Victor Bufferne travaillent \u00e0 surmonter les barri\u00e8res psychologiques en interpr\u00e9tant une partition exigeante.<\/p>\n","protected":false},"excerpt":{"rendered":"<p>Jacques Mauger et Victor Bufferne travaillent \u00e0 surmonter les barri\u00e8res psychologiques en interpr\u00e9tant une partition exigeante.<\/p>\n","protected":false},"featured_media":1288,"template":"","meta":{"_acf_changed":false,"inline_featured_image":false},"product_brand":[],"product_cat":[30],"product_tag":[],"class_list":{"0":"post-1290","1":"product","2":"type-product","3":"status-publish","4":"has-post-thumbnail","6":"product_cat-masterclass","9":"first","10":"instock","11":"virtual","12":"taxable","13":"purchasable","14":"product-type-simple"},"acf":{"professeur":[703],"composer":"Stojowski, Zygmunt","type_de_contenu":"masterclass","slug_video":"xqkN9lnkbT","slug_extrait_video":"kCwYazm8Ck","instruments":[40],"photo_de_fond":1288},"_links":{"self":[{"href":"https:\/\/www.salineacademy.com\/fr\/wp-json\/wp\/v2\/product\/1290","targetHints":{"allow":["GET"]}}],"collection":[{"href":"https:\/\/www.salineacademy.com\/fr\/wp-json\/wp\/v2\/product"}],"about":[{"href":"https:\/\/www.salineacademy.com\/fr\/wp-json\/wp\/v2\/types\/product"}],"acf:term":[{"embeddable":true,"taxonomy":"instrument","href":"https:\/\/www.salineacademy.com\/fr\/wp-json\/wp\/v2\/instrument\/40"}],"acf:post":[{"embeddable":true,"href":"https:\/\/www.salineacademy.com\/fr\/wp-json\/wp\/v2\/teacher\/703"}],"wp:featuredmedia":[{"embeddable":true,"href":"https:\/\/www.salineacademy.com\/fr\/wp-json\/wp\/v2\/media\/1288"}],"wp:attachment":[{"href":"https:\/\/www.salineacademy.com\/fr\/wp-json\/wp\/v2\/media?parent=1290"}],"wp:term":[{"taxonomy":"product_brand","embeddable":true,"href":"https:\/\/www.salineacademy.com\/fr\/wp-json\/wp\/v2\/product_brand?post=1290"},{"taxonomy":"product_cat","embeddable":true,"href":"https:\/\/www.salineacademy.com\/fr\/wp-json\/wp\/v2\/product_cat?post=1290"},{"taxonomy":"product_tag","embeddable":true,"href":"https:\/\/www.salineacademy.com\/fr\/wp-json\/wp\/v2\/product_tag?post=1290"}],"curies":[{"name":"wp","href":"https:\/\/api.w.org\/{rel}","templated":true}]}}