{"id":1310,"date":"2025-08-08T17:39:17","date_gmt":"2025-08-08T15:39:17","guid":{"rendered":"https:\/\/www.salineacademy.com\/replay\/sonate-pour-violon-n-1-en-re-majeur-op-12\/"},"modified":"2025-09-10T16:24:20","modified_gmt":"2025-09-10T14:24:20","slug":"sonate-pour-violon-n-1-en-re-majeur-op-12","status":"publish","type":"product","link":"https:\/\/www.salineacademy.com\/fr\/replay\/sonate-pour-violon-n-1-en-re-majeur-op-12\/","title":{"rendered":"Sonate pour violon n\u00b0 1 en r\u00e9 majeur, op. 12"},"content":{"rendered":"<p>Gy\u00f6rgy Pauk et son \u00e9l\u00e8ve Maja Willi explorent les techniques d&rsquo;archet, comment jouer dans un style beethovien et comment prendre des d\u00e9cisions musicales claires dans cette masterclass pour violon.<\/p>\n","protected":false},"excerpt":{"rendered":"<p>Gy\u00f6rgy Pauk et son \u00e9l\u00e8ve Maja Willi explorent les techniques d&rsquo;archet, comment jouer dans un style beethovien et comment prendre des d\u00e9cisions musicales claires dans cette masterclass pour violon.<\/p>\n","protected":false},"featured_media":1308,"template":"","meta":{"_acf_changed":false,"inline_featured_image":false},"product_brand":[],"product_cat":[30],"product_tag":[],"class_list":{"0":"post-1310","1":"product","2":"type-product","3":"status-publish","4":"has-post-thumbnail","6":"product_cat-masterclass","9":"first","10":"instock","11":"virtual","12":"taxable","13":"purchasable","14":"product-type-simple"},"acf":{"professeur":[733],"composer":"Beethoven, Ludwig van","type_de_contenu":"masterclass","slug_video":"7dh6rTt966","slug_extrait_video":"eKPtl0pys4","instruments":[34],"photo_de_fond":1308},"_links":{"self":[{"href":"https:\/\/www.salineacademy.com\/fr\/wp-json\/wp\/v2\/product\/1310","targetHints":{"allow":["GET"]}}],"collection":[{"href":"https:\/\/www.salineacademy.com\/fr\/wp-json\/wp\/v2\/product"}],"about":[{"href":"https:\/\/www.salineacademy.com\/fr\/wp-json\/wp\/v2\/types\/product"}],"acf:term":[{"embeddable":true,"taxonomy":"instrument","href":"https:\/\/www.salineacademy.com\/fr\/wp-json\/wp\/v2\/instrument\/34"}],"acf:post":[{"embeddable":true,"href":"https:\/\/www.salineacademy.com\/fr\/wp-json\/wp\/v2\/teacher\/733"}],"wp:featuredmedia":[{"embeddable":true,"href":"https:\/\/www.salineacademy.com\/fr\/wp-json\/wp\/v2\/media\/1308"}],"wp:attachment":[{"href":"https:\/\/www.salineacademy.com\/fr\/wp-json\/wp\/v2\/media?parent=1310"}],"wp:term":[{"taxonomy":"product_brand","embeddable":true,"href":"https:\/\/www.salineacademy.com\/fr\/wp-json\/wp\/v2\/product_brand?post=1310"},{"taxonomy":"product_cat","embeddable":true,"href":"https:\/\/www.salineacademy.com\/fr\/wp-json\/wp\/v2\/product_cat?post=1310"},{"taxonomy":"product_tag","embeddable":true,"href":"https:\/\/www.salineacademy.com\/fr\/wp-json\/wp\/v2\/product_tag?post=1310"}],"curies":[{"name":"wp","href":"https:\/\/api.w.org\/{rel}","templated":true}]}}