{"id":1350,"date":"2025-08-08T17:40:07","date_gmt":"2025-08-08T15:40:07","guid":{"rendered":"https:\/\/www.salineacademy.com\/replay\/concerto-en-fa-mineur\/"},"modified":"2025-09-10T16:24:08","modified_gmt":"2025-09-10T14:24:08","slug":"concerto-en-fa-mineur","status":"publish","type":"product","link":"https:\/\/www.salineacademy.com\/fr\/replay\/concerto-en-fa-mineur\/","title":{"rendered":"Concerto en Fa Mineur"},"content":{"rendered":"<p>Dans cette session, Jacques Mauger \u00e9tudie diff\u00e9rents \u00e9l\u00e9ments important pour l&rsquo;interpr\u00e9tation comme la psychologie du musicien, le rythme musical et l&rsquo;intonation.<\/p>\n","protected":false},"excerpt":{"rendered":"<p>Dans cette session, Jacques Mauger \u00e9tudie diff\u00e9rents \u00e9l\u00e9ments important pour l&rsquo;interpr\u00e9tation comme la psychologie du musicien, le rythme musical et l&rsquo;intonation.<\/p>\n","protected":false},"featured_media":1348,"template":"","meta":{"_acf_changed":false,"inline_featured_image":false},"product_brand":[],"product_cat":[30],"product_tag":[],"class_list":{"0":"post-1350","1":"product","2":"type-product","3":"status-publish","4":"has-post-thumbnail","6":"product_cat-masterclass","9":"first","10":"instock","11":"virtual","12":"taxable","13":"purchasable","14":"product-type-simple"},"acf":{"professeur":[703],"composer":"Haendel, Georg Friedrich","type_de_contenu":"masterclass","slug_video":"SFU5IYJAMf","slug_extrait_video":"eY2TVVCD1A","instruments":[40],"photo_de_fond":1348},"_links":{"self":[{"href":"https:\/\/www.salineacademy.com\/fr\/wp-json\/wp\/v2\/product\/1350","targetHints":{"allow":["GET"]}}],"collection":[{"href":"https:\/\/www.salineacademy.com\/fr\/wp-json\/wp\/v2\/product"}],"about":[{"href":"https:\/\/www.salineacademy.com\/fr\/wp-json\/wp\/v2\/types\/product"}],"acf:term":[{"embeddable":true,"taxonomy":"instrument","href":"https:\/\/www.salineacademy.com\/fr\/wp-json\/wp\/v2\/instrument\/40"}],"acf:post":[{"embeddable":true,"href":"https:\/\/www.salineacademy.com\/fr\/wp-json\/wp\/v2\/teacher\/703"}],"wp:featuredmedia":[{"embeddable":true,"href":"https:\/\/www.salineacademy.com\/fr\/wp-json\/wp\/v2\/media\/1348"}],"wp:attachment":[{"href":"https:\/\/www.salineacademy.com\/fr\/wp-json\/wp\/v2\/media?parent=1350"}],"wp:term":[{"taxonomy":"product_brand","embeddable":true,"href":"https:\/\/www.salineacademy.com\/fr\/wp-json\/wp\/v2\/product_brand?post=1350"},{"taxonomy":"product_cat","embeddable":true,"href":"https:\/\/www.salineacademy.com\/fr\/wp-json\/wp\/v2\/product_cat?post=1350"},{"taxonomy":"product_tag","embeddable":true,"href":"https:\/\/www.salineacademy.com\/fr\/wp-json\/wp\/v2\/product_tag?post=1350"}],"curies":[{"name":"wp","href":"https:\/\/api.w.org\/{rel}","templated":true}]}}