{"id":1358,"date":"2025-08-08T17:40:17","date_gmt":"2025-08-08T15:40:17","guid":{"rendered":"https:\/\/www.salineacademy.com\/replay\/cello-concerto-in-b-minor-2nd-movement\/"},"modified":"2025-09-10T16:24:06","modified_gmt":"2025-09-10T14:24:06","slug":"cello-concerto-in-b-minor-2nd-movement","status":"publish","type":"product","link":"https:\/\/www.salineacademy.com\/fr\/replay\/cello-concerto-in-b-minor-2nd-movement\/","title":{"rendered":"Cello Concerto in B minor, 2nd movement"},"content":{"rendered":"<p>Clive Greensmith et Marc Mart\u00edn Nogueroles travaillent sur le deuxi\u00e8me mouvement du Concerto pour violoncelle en si mineur, op. 104.<\/p>\n","protected":false},"excerpt":{"rendered":"<p>Clive Greensmith et Marc Mart\u00edn Nogueroles travaillent sur le deuxi\u00e8me mouvement du Concerto pour violoncelle en si mineur, op. 104.<\/p>\n","protected":false},"featured_media":1356,"template":"","meta":{"_acf_changed":false,"inline_featured_image":false},"product_brand":[],"product_cat":[30],"product_tag":[],"class_list":{"0":"post-1358","1":"product","2":"type-product","3":"status-publish","4":"has-post-thumbnail","6":"product_cat-masterclass","9":"first","10":"instock","11":"virtual","12":"taxable","13":"purchasable","14":"product-type-simple"},"acf":{"professeur":[730],"composer":"Dvo\u0159\u00e1k, Anton\u00edn","type_de_contenu":"masterclass","slug_video":"AYxIXGMExJ","slug_extrait_video":"Qjrfec6VvC","instruments":[35],"photo_de_fond":1356},"_links":{"self":[{"href":"https:\/\/www.salineacademy.com\/fr\/wp-json\/wp\/v2\/product\/1358","targetHints":{"allow":["GET"]}}],"collection":[{"href":"https:\/\/www.salineacademy.com\/fr\/wp-json\/wp\/v2\/product"}],"about":[{"href":"https:\/\/www.salineacademy.com\/fr\/wp-json\/wp\/v2\/types\/product"}],"acf:term":[{"embeddable":true,"taxonomy":"instrument","href":"https:\/\/www.salineacademy.com\/fr\/wp-json\/wp\/v2\/instrument\/35"}],"acf:post":[{"embeddable":true,"href":"https:\/\/www.salineacademy.com\/fr\/wp-json\/wp\/v2\/teacher\/730"}],"wp:featuredmedia":[{"embeddable":true,"href":"https:\/\/www.salineacademy.com\/fr\/wp-json\/wp\/v2\/media\/1356"}],"wp:attachment":[{"href":"https:\/\/www.salineacademy.com\/fr\/wp-json\/wp\/v2\/media?parent=1358"}],"wp:term":[{"taxonomy":"product_brand","embeddable":true,"href":"https:\/\/www.salineacademy.com\/fr\/wp-json\/wp\/v2\/product_brand?post=1358"},{"taxonomy":"product_cat","embeddable":true,"href":"https:\/\/www.salineacademy.com\/fr\/wp-json\/wp\/v2\/product_cat?post=1358"},{"taxonomy":"product_tag","embeddable":true,"href":"https:\/\/www.salineacademy.com\/fr\/wp-json\/wp\/v2\/product_tag?post=1358"}],"curies":[{"name":"wp","href":"https:\/\/api.w.org\/{rel}","templated":true}]}}