{"id":1362,"date":"2025-08-08T17:40:21","date_gmt":"2025-08-08T15:40:21","guid":{"rendered":"https:\/\/www.salineacademy.com\/replay\/sonates-pour-violon-nr-2-en-la-mineur-op-27\/"},"modified":"2025-09-10T16:24:05","modified_gmt":"2025-09-10T14:24:05","slug":"sonates-pour-violon-nr-2-en-la-mineur-op-27","status":"publish","type":"product","link":"https:\/\/www.salineacademy.com\/fr\/replay\/sonates-pour-violon-nr-2-en-la-mineur-op-27\/","title":{"rendered":"Sonates pour violon Nr. 2 en La Mineur, Op. 27"},"content":{"rendered":"<p>Le professeur Miriam Fried et son \u00e9l\u00e8ve Clara Messina travaillent sur le tempo, l&rsquo;articulation des accents, ainsi que d&rsquo;autres \u00e9l\u00e9ments cruciaux dans cette masterclass de violon.<\/p>\n","protected":false},"excerpt":{"rendered":"<p>Le professeur Miriam Fried et son \u00e9l\u00e8ve Clara Messina travaillent sur le tempo, l&rsquo;articulation des accents, ainsi que d&rsquo;autres \u00e9l\u00e9ments cruciaux dans cette masterclass de violon.<\/p>\n","protected":false},"featured_media":1360,"template":"","meta":{"_acf_changed":false,"inline_featured_image":false},"product_brand":[],"product_cat":[30],"product_tag":[],"class_list":{"0":"post-1362","1":"product","2":"type-product","3":"status-publish","4":"has-post-thumbnail","6":"product_cat-masterclass","9":"first","10":"instock","11":"virtual","12":"taxable","13":"purchasable","14":"product-type-simple"},"acf":{"professeur":[673],"composer":"Ysa\u00ffe, Eug\u00e8ne","type_de_contenu":"masterclass","slug_video":"zXIiKkCrLg","slug_extrait_video":"fGzV3Pkxkt","instruments":[34],"photo_de_fond":1360},"_links":{"self":[{"href":"https:\/\/www.salineacademy.com\/fr\/wp-json\/wp\/v2\/product\/1362","targetHints":{"allow":["GET"]}}],"collection":[{"href":"https:\/\/www.salineacademy.com\/fr\/wp-json\/wp\/v2\/product"}],"about":[{"href":"https:\/\/www.salineacademy.com\/fr\/wp-json\/wp\/v2\/types\/product"}],"acf:term":[{"embeddable":true,"taxonomy":"instrument","href":"https:\/\/www.salineacademy.com\/fr\/wp-json\/wp\/v2\/instrument\/34"}],"acf:post":[{"embeddable":true,"href":"https:\/\/www.salineacademy.com\/fr\/wp-json\/wp\/v2\/teacher\/673"}],"wp:featuredmedia":[{"embeddable":true,"href":"https:\/\/www.salineacademy.com\/fr\/wp-json\/wp\/v2\/media\/1360"}],"wp:attachment":[{"href":"https:\/\/www.salineacademy.com\/fr\/wp-json\/wp\/v2\/media?parent=1362"}],"wp:term":[{"taxonomy":"product_brand","embeddable":true,"href":"https:\/\/www.salineacademy.com\/fr\/wp-json\/wp\/v2\/product_brand?post=1362"},{"taxonomy":"product_cat","embeddable":true,"href":"https:\/\/www.salineacademy.com\/fr\/wp-json\/wp\/v2\/product_cat?post=1362"},{"taxonomy":"product_tag","embeddable":true,"href":"https:\/\/www.salineacademy.com\/fr\/wp-json\/wp\/v2\/product_tag?post=1362"}],"curies":[{"name":"wp","href":"https:\/\/api.w.org\/{rel}","templated":true}]}}