{"id":1382,"date":"2025-08-08T17:40:55","date_gmt":"2025-08-08T15:40:55","guid":{"rendered":"https:\/\/www.salineacademy.com\/replay\/prelude-et-fugue-en-do-diese-majeur\/"},"modified":"2025-09-10T16:24:00","modified_gmt":"2025-09-10T14:24:00","slug":"prelude-et-fugue-en-do-diese-majeur","status":"publish","type":"product","link":"https:\/\/www.salineacademy.com\/fr\/replay\/prelude-et-fugue-en-do-diese-majeur\/","title":{"rendered":"Pr\u00e9lude et fugue en Do Di\u00e8se Majeur"},"content":{"rendered":"<p>Dans cette session, D\u00e9nes V\u00e1rjon et son \u00e9tudiante travaillent Pr\u00e9lude et fugue en Do Di\u00e8se Majeur de Bach.<\/p>\n","protected":false},"excerpt":{"rendered":"<p>Dans cette session, D\u00e9nes V\u00e1rjon et son \u00e9tudiante travaillent Pr\u00e9lude et fugue en Do Di\u00e8se Majeur de Bach.<\/p>\n","protected":false},"featured_media":1380,"template":"","meta":{"_acf_changed":false,"inline_featured_image":false},"product_brand":[],"product_cat":[30],"product_tag":[],"class_list":{"0":"post-1382","1":"product","2":"type-product","3":"status-publish","4":"has-post-thumbnail","6":"product_cat-masterclass","9":"first","10":"instock","11":"virtual","12":"taxable","13":"purchasable","14":"product-type-simple"},"acf":{"professeur":[679],"composer":"Bach, Johann Sebastian","type_de_contenu":"masterclass","slug_video":"zGuIoEuAFo","slug_extrait_video":"Ktgmgz6di5","instruments":[33],"photo_de_fond":1380},"_links":{"self":[{"href":"https:\/\/www.salineacademy.com\/fr\/wp-json\/wp\/v2\/product\/1382","targetHints":{"allow":["GET"]}}],"collection":[{"href":"https:\/\/www.salineacademy.com\/fr\/wp-json\/wp\/v2\/product"}],"about":[{"href":"https:\/\/www.salineacademy.com\/fr\/wp-json\/wp\/v2\/types\/product"}],"acf:term":[{"embeddable":true,"taxonomy":"instrument","href":"https:\/\/www.salineacademy.com\/fr\/wp-json\/wp\/v2\/instrument\/33"}],"acf:post":[{"embeddable":true,"href":"https:\/\/www.salineacademy.com\/fr\/wp-json\/wp\/v2\/teacher\/679"}],"wp:featuredmedia":[{"embeddable":true,"href":"https:\/\/www.salineacademy.com\/fr\/wp-json\/wp\/v2\/media\/1380"}],"wp:attachment":[{"href":"https:\/\/www.salineacademy.com\/fr\/wp-json\/wp\/v2\/media?parent=1382"}],"wp:term":[{"taxonomy":"product_brand","embeddable":true,"href":"https:\/\/www.salineacademy.com\/fr\/wp-json\/wp\/v2\/product_brand?post=1382"},{"taxonomy":"product_cat","embeddable":true,"href":"https:\/\/www.salineacademy.com\/fr\/wp-json\/wp\/v2\/product_cat?post=1382"},{"taxonomy":"product_tag","embeddable":true,"href":"https:\/\/www.salineacademy.com\/fr\/wp-json\/wp\/v2\/product_tag?post=1382"}],"curies":[{"name":"wp","href":"https:\/\/api.w.org\/{rel}","templated":true}]}}