{"id":1402,"date":"2025-08-08T17:41:26","date_gmt":"2025-08-08T15:41:26","guid":{"rendered":"https:\/\/www.salineacademy.com\/replay\/etudes\/"},"modified":"2025-09-10T16:23:55","modified_gmt":"2025-09-10T14:23:55","slug":"etudes","status":"publish","type":"product","link":"https:\/\/www.salineacademy.com\/fr\/replay\/etudes\/","title":{"rendered":"\u00c9tudes"},"content":{"rendered":"<p>Dans cette session,  D\u00e9nes V\u00e0rjon et Krizia Soubrouillard pratiquent l&rsquo;harmonie et les accords.<\/p>\n","protected":false},"excerpt":{"rendered":"<p>Dans cette session, D\u00e9nes V\u00e0rjon et Krizia Soubrouillard pratiquent l&rsquo;harmonie et les accords.<\/p>\n","protected":false},"featured_media":1400,"template":"","meta":{"_acf_changed":false,"inline_featured_image":false},"product_brand":[],"product_cat":[30],"product_tag":[],"class_list":{"0":"post-1402","1":"product","2":"type-product","3":"status-publish","4":"has-post-thumbnail","6":"product_cat-masterclass","9":"first","10":"instock","11":"virtual","12":"taxable","13":"purchasable","14":"product-type-simple"},"acf":{"professeur":[679],"composer":"Chopin, Fr\u00e9d\u00e9ric","type_de_contenu":"masterclass","slug_video":"NmlZ7SD3iD","slug_extrait_video":"udmXQzVLKg","instruments":[33],"photo_de_fond":1400},"_links":{"self":[{"href":"https:\/\/www.salineacademy.com\/fr\/wp-json\/wp\/v2\/product\/1402","targetHints":{"allow":["GET"]}}],"collection":[{"href":"https:\/\/www.salineacademy.com\/fr\/wp-json\/wp\/v2\/product"}],"about":[{"href":"https:\/\/www.salineacademy.com\/fr\/wp-json\/wp\/v2\/types\/product"}],"acf:term":[{"embeddable":true,"taxonomy":"instrument","href":"https:\/\/www.salineacademy.com\/fr\/wp-json\/wp\/v2\/instrument\/33"}],"acf:post":[{"embeddable":true,"href":"https:\/\/www.salineacademy.com\/fr\/wp-json\/wp\/v2\/teacher\/679"}],"wp:featuredmedia":[{"embeddable":true,"href":"https:\/\/www.salineacademy.com\/fr\/wp-json\/wp\/v2\/media\/1400"}],"wp:attachment":[{"href":"https:\/\/www.salineacademy.com\/fr\/wp-json\/wp\/v2\/media?parent=1402"}],"wp:term":[{"taxonomy":"product_brand","embeddable":true,"href":"https:\/\/www.salineacademy.com\/fr\/wp-json\/wp\/v2\/product_brand?post=1402"},{"taxonomy":"product_cat","embeddable":true,"href":"https:\/\/www.salineacademy.com\/fr\/wp-json\/wp\/v2\/product_cat?post=1402"},{"taxonomy":"product_tag","embeddable":true,"href":"https:\/\/www.salineacademy.com\/fr\/wp-json\/wp\/v2\/product_tag?post=1402"}],"curies":[{"name":"wp","href":"https:\/\/api.w.org\/{rel}","templated":true}]}}