{"id":1430,"date":"2025-08-08T17:42:10","date_gmt":"2025-08-08T15:42:10","guid":{"rendered":"https:\/\/www.salineacademy.com\/replay\/fantaisie-op-38-2\/"},"modified":"2025-09-10T16:23:48","modified_gmt":"2025-09-10T14:23:48","slug":"fantaisie-op-38-2","status":"publish","type":"product","link":"https:\/\/www.salineacademy.com\/fr\/replay\/fantaisie-op-38-2\/","title":{"rendered":"Fantaisie, Op. 38"},"content":{"rendered":"<p>Le professeur Jacques Mauger et Benj\u00e1min Szil\u00e1gyi travaillent sur la texture et la couleur musicales dans cette le\u00e7on.<\/p>\n","protected":false},"excerpt":{"rendered":"<p>Le professeur Jacques Mauger et Benj\u00e1min Szil\u00e1gyi travaillent sur la texture et la couleur musicales dans cette le\u00e7on.<\/p>\n","protected":false},"featured_media":1428,"template":"","meta":{"_acf_changed":false,"inline_featured_image":false},"product_brand":[],"product_cat":[30],"product_tag":[],"class_list":{"0":"post-1430","1":"product","2":"type-product","3":"status-publish","4":"has-post-thumbnail","6":"product_cat-masterclass","9":"first","10":"instock","11":"virtual","12":"taxable","13":"purchasable","14":"product-type-simple"},"acf":{"professeur":[703],"composer":"Stojowski, Zygmunt","type_de_contenu":"masterclass","slug_video":"L1kL6Nml1t","slug_extrait_video":"dAC1uC749j","instruments":[40],"photo_de_fond":1428},"_links":{"self":[{"href":"https:\/\/www.salineacademy.com\/fr\/wp-json\/wp\/v2\/product\/1430","targetHints":{"allow":["GET"]}}],"collection":[{"href":"https:\/\/www.salineacademy.com\/fr\/wp-json\/wp\/v2\/product"}],"about":[{"href":"https:\/\/www.salineacademy.com\/fr\/wp-json\/wp\/v2\/types\/product"}],"acf:term":[{"embeddable":true,"taxonomy":"instrument","href":"https:\/\/www.salineacademy.com\/fr\/wp-json\/wp\/v2\/instrument\/40"}],"acf:post":[{"embeddable":true,"href":"https:\/\/www.salineacademy.com\/fr\/wp-json\/wp\/v2\/teacher\/703"}],"wp:featuredmedia":[{"embeddable":true,"href":"https:\/\/www.salineacademy.com\/fr\/wp-json\/wp\/v2\/media\/1428"}],"wp:attachment":[{"href":"https:\/\/www.salineacademy.com\/fr\/wp-json\/wp\/v2\/media?parent=1430"}],"wp:term":[{"taxonomy":"product_brand","embeddable":true,"href":"https:\/\/www.salineacademy.com\/fr\/wp-json\/wp\/v2\/product_brand?post=1430"},{"taxonomy":"product_cat","embeddable":true,"href":"https:\/\/www.salineacademy.com\/fr\/wp-json\/wp\/v2\/product_cat?post=1430"},{"taxonomy":"product_tag","embeddable":true,"href":"https:\/\/www.salineacademy.com\/fr\/wp-json\/wp\/v2\/product_tag?post=1430"}],"curies":[{"name":"wp","href":"https:\/\/api.w.org\/{rel}","templated":true}]}}