{"id":1546,"date":"2025-08-08T17:44:26","date_gmt":"2025-08-08T15:44:26","guid":{"rendered":"https:\/\/www.salineacademy.com\/replay\/sonate-pour-violoncelle-nr-1-en-mi-mineur-op-38-1er-mouvement\/"},"modified":"2025-09-10T16:23:19","modified_gmt":"2025-09-10T14:23:19","slug":"sonate-pour-violoncelle-nr-1-en-mi-mineur-op-38-1er-mouvement","status":"publish","type":"product","link":"https:\/\/www.salineacademy.com\/fr\/replay\/sonate-pour-violoncelle-nr-1-en-mi-mineur-op-38-1er-mouvement\/","title":{"rendered":"Sonate pour violoncelle Nr. 1 en Mi Mineur, Op. 38, 1er mouvement"},"content":{"rendered":"<p>Dans cette masterclass, le violoncelliste Marc Coppey et son \u00e9l\u00e8ve Emmanuelle Schneider examinent la r\u00e9sonance et d&rsquo;autres dynamiques musicales essentielles.<\/p>\n","protected":false},"excerpt":{"rendered":"<p>Dans cette masterclass, le violoncelliste Marc Coppey et son \u00e9l\u00e8ve Emmanuelle Schneider examinent la r\u00e9sonance et d&rsquo;autres dynamiques musicales essentielles.<\/p>\n","protected":false},"featured_media":1544,"template":"","meta":{"_acf_changed":false,"inline_featured_image":false},"product_brand":[],"product_cat":[30],"product_tag":[],"class_list":{"0":"post-1546","1":"product","2":"type-product","3":"status-publish","4":"has-post-thumbnail","6":"product_cat-masterclass","9":"first","10":"instock","11":"virtual","12":"taxable","13":"purchasable","14":"product-type-simple"},"acf":{"professeur":[670],"composer":"Brahms, Johannes","type_de_contenu":"masterclass","slug_video":"011TJf3mpG","slug_extrait_video":"6klwCBoVl7","instruments":[35],"photo_de_fond":1544},"_links":{"self":[{"href":"https:\/\/www.salineacademy.com\/fr\/wp-json\/wp\/v2\/product\/1546","targetHints":{"allow":["GET"]}}],"collection":[{"href":"https:\/\/www.salineacademy.com\/fr\/wp-json\/wp\/v2\/product"}],"about":[{"href":"https:\/\/www.salineacademy.com\/fr\/wp-json\/wp\/v2\/types\/product"}],"acf:term":[{"embeddable":true,"taxonomy":"instrument","href":"https:\/\/www.salineacademy.com\/fr\/wp-json\/wp\/v2\/instrument\/35"}],"acf:post":[{"embeddable":true,"href":"https:\/\/www.salineacademy.com\/fr\/wp-json\/wp\/v2\/teacher\/670"}],"wp:featuredmedia":[{"embeddable":true,"href":"https:\/\/www.salineacademy.com\/fr\/wp-json\/wp\/v2\/media\/1544"}],"wp:attachment":[{"href":"https:\/\/www.salineacademy.com\/fr\/wp-json\/wp\/v2\/media?parent=1546"}],"wp:term":[{"taxonomy":"product_brand","embeddable":true,"href":"https:\/\/www.salineacademy.com\/fr\/wp-json\/wp\/v2\/product_brand?post=1546"},{"taxonomy":"product_cat","embeddable":true,"href":"https:\/\/www.salineacademy.com\/fr\/wp-json\/wp\/v2\/product_cat?post=1546"},{"taxonomy":"product_tag","embeddable":true,"href":"https:\/\/www.salineacademy.com\/fr\/wp-json\/wp\/v2\/product_tag?post=1546"}],"curies":[{"name":"wp","href":"https:\/\/api.w.org\/{rel}","templated":true}]}}