{"id":1558,"date":"2025-08-08T17:44:41","date_gmt":"2025-08-08T15:44:41","guid":{"rendered":"https:\/\/www.salineacademy.com\/replay\/ballade-nr-1-en-sol-mineur-op-23-2\/"},"modified":"2025-09-10T16:23:16","modified_gmt":"2025-09-10T14:23:16","slug":"ballade-nr-1-en-sol-mineur-op-23-2","status":"publish","type":"product","link":"https:\/\/www.salineacademy.com\/fr\/replay\/ballade-nr-1-en-sol-mineur-op-23-2\/","title":{"rendered":"Ballade Nr. 1 en Sol mineur, Op. 23"},"content":{"rendered":"<p>Dans cette session, Jean-Francois Heisser conseille son \u00e9l\u00e8ve Variamu Itae-Tetaa sur l&rsquo;interpr\u00e9tation de la Ballade Nr. 1 de Chopin.<\/p>\n","protected":false},"excerpt":{"rendered":"<p>Dans cette session, Jean-Francois Heisser conseille son \u00e9l\u00e8ve Variamu Itae-Tetaa sur l&rsquo;interpr\u00e9tation de la Ballade Nr. 1 de Chopin.<\/p>\n","protected":false},"featured_media":1556,"template":"","meta":{"_acf_changed":false,"inline_featured_image":false},"product_brand":[],"product_cat":[30],"product_tag":[],"class_list":{"0":"post-1558","1":"product","2":"type-product","3":"status-publish","4":"has-post-thumbnail","6":"product_cat-masterclass","9":"first","10":"instock","11":"virtual","12":"taxable","13":"purchasable","14":"product-type-simple"},"acf":{"professeur":[688],"composer":"Chopin, Fr\u00e9d\u00e9ric","type_de_contenu":"masterclass","slug_video":"2hc0bj9hEL","slug_extrait_video":"a0hWxuxDUh","instruments":[33],"photo_de_fond":1556},"_links":{"self":[{"href":"https:\/\/www.salineacademy.com\/fr\/wp-json\/wp\/v2\/product\/1558","targetHints":{"allow":["GET"]}}],"collection":[{"href":"https:\/\/www.salineacademy.com\/fr\/wp-json\/wp\/v2\/product"}],"about":[{"href":"https:\/\/www.salineacademy.com\/fr\/wp-json\/wp\/v2\/types\/product"}],"acf:term":[{"embeddable":true,"taxonomy":"instrument","href":"https:\/\/www.salineacademy.com\/fr\/wp-json\/wp\/v2\/instrument\/33"}],"acf:post":[{"embeddable":true,"href":"https:\/\/www.salineacademy.com\/fr\/wp-json\/wp\/v2\/teacher\/688"}],"wp:featuredmedia":[{"embeddable":true,"href":"https:\/\/www.salineacademy.com\/fr\/wp-json\/wp\/v2\/media\/1556"}],"wp:attachment":[{"href":"https:\/\/www.salineacademy.com\/fr\/wp-json\/wp\/v2\/media?parent=1558"}],"wp:term":[{"taxonomy":"product_brand","embeddable":true,"href":"https:\/\/www.salineacademy.com\/fr\/wp-json\/wp\/v2\/product_brand?post=1558"},{"taxonomy":"product_cat","embeddable":true,"href":"https:\/\/www.salineacademy.com\/fr\/wp-json\/wp\/v2\/product_cat?post=1558"},{"taxonomy":"product_tag","embeddable":true,"href":"https:\/\/www.salineacademy.com\/fr\/wp-json\/wp\/v2\/product_tag?post=1558"}],"curies":[{"name":"wp","href":"https:\/\/api.w.org\/{rel}","templated":true}]}}