{"id":1576,"date":"2025-08-08T17:45:03","date_gmt":"2025-08-08T15:45:03","guid":{"rendered":"https:\/\/www.salineacademy.com\/replay\/sonate-pour-clarinette-nr-2\/"},"modified":"2025-09-10T16:23:12","modified_gmt":"2025-09-10T14:23:12","slug":"sonate-pour-clarinette-nr-2","status":"publish","type":"product","link":"https:\/\/www.salineacademy.com\/fr\/replay\/sonate-pour-clarinette-nr-2\/","title":{"rendered":"Sonate pour clarinette Nr. 2"},"content":{"rendered":"<p>Dans cette masterclass, Sharon Kam et Jules Baeten abordent des th\u00e8mes tels que la direction, la pr\u00e9paration, l&rsquo;ex\u00e9cution des intervalles.<\/p>\n","protected":false},"excerpt":{"rendered":"<p>Dans cette masterclass, Sharon Kam et Jules Baeten abordent des th\u00e8mes tels que la direction, la pr\u00e9paration, l&rsquo;ex\u00e9cution des intervalles.<\/p>\n","protected":false},"featured_media":1574,"template":"","meta":{"_acf_changed":false,"inline_featured_image":false},"product_brand":[],"product_cat":[30],"product_tag":[],"class_list":{"0":"post-1576","1":"product","2":"type-product","3":"status-publish","4":"has-post-thumbnail","6":"product_cat-masterclass","9":"first","10":"instock","11":"virtual","12":"taxable","13":"purchasable","14":"product-type-simple"},"acf":{"professeur":[718],"composer":"Brahms, Johannes","type_de_contenu":"masterclass","slug_video":"hKLmzaDSSv","slug_extrait_video":"SAaZwLdg6h","instruments":[41],"photo_de_fond":1574},"_links":{"self":[{"href":"https:\/\/www.salineacademy.com\/fr\/wp-json\/wp\/v2\/product\/1576","targetHints":{"allow":["GET"]}}],"collection":[{"href":"https:\/\/www.salineacademy.com\/fr\/wp-json\/wp\/v2\/product"}],"about":[{"href":"https:\/\/www.salineacademy.com\/fr\/wp-json\/wp\/v2\/types\/product"}],"acf:term":[{"embeddable":true,"taxonomy":"instrument","href":"https:\/\/www.salineacademy.com\/fr\/wp-json\/wp\/v2\/instrument\/41"}],"acf:post":[{"embeddable":true,"href":"https:\/\/www.salineacademy.com\/fr\/wp-json\/wp\/v2\/teacher\/718"}],"wp:featuredmedia":[{"embeddable":true,"href":"https:\/\/www.salineacademy.com\/fr\/wp-json\/wp\/v2\/media\/1574"}],"wp:attachment":[{"href":"https:\/\/www.salineacademy.com\/fr\/wp-json\/wp\/v2\/media?parent=1576"}],"wp:term":[{"taxonomy":"product_brand","embeddable":true,"href":"https:\/\/www.salineacademy.com\/fr\/wp-json\/wp\/v2\/product_brand?post=1576"},{"taxonomy":"product_cat","embeddable":true,"href":"https:\/\/www.salineacademy.com\/fr\/wp-json\/wp\/v2\/product_cat?post=1576"},{"taxonomy":"product_tag","embeddable":true,"href":"https:\/\/www.salineacademy.com\/fr\/wp-json\/wp\/v2\/product_tag?post=1576"}],"curies":[{"name":"wp","href":"https:\/\/api.w.org\/{rel}","templated":true}]}}