{"id":1628,"date":"2025-08-08T17:46:06","date_gmt":"2025-08-08T15:46:06","guid":{"rendered":"https:\/\/www.salineacademy.com\/replay\/premiere-rhapsodie\/"},"modified":"2025-09-10T16:22:58","modified_gmt":"2025-09-10T14:22:58","slug":"premiere-rhapsodie","status":"publish","type":"product","link":"https:\/\/www.salineacademy.com\/fr\/replay\/premiere-rhapsodie\/","title":{"rendered":"Premi\u00e8re Rhapsodie"},"content":{"rendered":"<p>Sharon Kam et Jules Baeten travaillent sur la Premi\u00e8re Rhapsodie de Debussy, en se concentrant sur la couleur et la dynamique de la pi\u00e8ce.<\/p>\n","protected":false},"excerpt":{"rendered":"<p>Sharon Kam et Jules Baeten travaillent sur la Premi\u00e8re Rhapsodie de Debussy, en se concentrant sur la couleur et la dynamique de la pi\u00e8ce.<\/p>\n","protected":false},"featured_media":1626,"template":"","meta":{"_acf_changed":false,"inline_featured_image":false},"product_brand":[],"product_cat":[30],"product_tag":[],"class_list":{"0":"post-1628","1":"product","2":"type-product","3":"status-publish","4":"has-post-thumbnail","6":"product_cat-masterclass","9":"first","10":"instock","11":"virtual","12":"taxable","13":"purchasable","14":"product-type-simple"},"acf":{"professeur":[718],"composer":"Debussy, Claude","type_de_contenu":"masterclass","slug_video":"tk2rzfpARm","slug_extrait_video":"FSND8bgpzn","instruments":[41],"photo_de_fond":1626},"_links":{"self":[{"href":"https:\/\/www.salineacademy.com\/fr\/wp-json\/wp\/v2\/product\/1628","targetHints":{"allow":["GET"]}}],"collection":[{"href":"https:\/\/www.salineacademy.com\/fr\/wp-json\/wp\/v2\/product"}],"about":[{"href":"https:\/\/www.salineacademy.com\/fr\/wp-json\/wp\/v2\/types\/product"}],"acf:term":[{"embeddable":true,"taxonomy":"instrument","href":"https:\/\/www.salineacademy.com\/fr\/wp-json\/wp\/v2\/instrument\/41"}],"acf:post":[{"embeddable":true,"href":"https:\/\/www.salineacademy.com\/fr\/wp-json\/wp\/v2\/teacher\/718"}],"wp:featuredmedia":[{"embeddable":true,"href":"https:\/\/www.salineacademy.com\/fr\/wp-json\/wp\/v2\/media\/1626"}],"wp:attachment":[{"href":"https:\/\/www.salineacademy.com\/fr\/wp-json\/wp\/v2\/media?parent=1628"}],"wp:term":[{"taxonomy":"product_brand","embeddable":true,"href":"https:\/\/www.salineacademy.com\/fr\/wp-json\/wp\/v2\/product_brand?post=1628"},{"taxonomy":"product_cat","embeddable":true,"href":"https:\/\/www.salineacademy.com\/fr\/wp-json\/wp\/v2\/product_cat?post=1628"},{"taxonomy":"product_tag","embeddable":true,"href":"https:\/\/www.salineacademy.com\/fr\/wp-json\/wp\/v2\/product_tag?post=1628"}],"curies":[{"name":"wp","href":"https:\/\/api.w.org\/{rel}","templated":true}]}}