{"id":1726,"date":"2025-08-08T17:48:08","date_gmt":"2025-08-08T15:48:08","guid":{"rendered":"https:\/\/www.salineacademy.com\/replay\/violin-concerto-no-5-in-a-major-k-219-1st-2nd-movements\/"},"modified":"2025-09-10T16:22:35","modified_gmt":"2025-09-10T14:22:35","slug":"violin-concerto-no-5-in-a-major-k-219-1st-2nd-movements","status":"publish","type":"product","link":"https:\/\/www.salineacademy.com\/fr\/replay\/violin-concerto-no-5-in-a-major-k-219-1st-2nd-movements\/","title":{"rendered":"Violin Concerto No. 5 in A major, K. 219, 1st, 2nd movements"},"content":{"rendered":"<p>Dans cette masterclass, Gy\u00f6rgy Pauk et son \u00e9l\u00e8ve Pippa Sieppal travaillent sur le tempo, les techniques d&#039;archet, parmi de nombreux autres sujets pertinents.<\/p>\n","protected":false},"excerpt":{"rendered":"<p>Dans cette masterclass, Gy\u00f6rgy Pauk et son \u00e9l\u00e8ve Pippa Sieppal travaillent sur le tempo, les techniques d&#039;archet, parmi de nombreux autres sujets pertinents.<\/p>\n","protected":false},"featured_media":1724,"template":"","meta":{"_acf_changed":false,"inline_featured_image":false},"product_brand":[],"product_cat":[30],"product_tag":[],"class_list":{"0":"post-1726","1":"product","2":"type-product","3":"status-publish","4":"has-post-thumbnail","6":"product_cat-masterclass","9":"first","10":"instock","11":"virtual","12":"taxable","13":"purchasable","14":"product-type-simple"},"acf":{"professeur":[733],"composer":"Mozart, Wolfgang Amadeus","type_de_contenu":"masterclass","slug_video":"Gn9NMRbiHG","slug_extrait_video":"EyTqWx8HFT","instruments":[34],"photo_de_fond":1724},"_links":{"self":[{"href":"https:\/\/www.salineacademy.com\/fr\/wp-json\/wp\/v2\/product\/1726","targetHints":{"allow":["GET"]}}],"collection":[{"href":"https:\/\/www.salineacademy.com\/fr\/wp-json\/wp\/v2\/product"}],"about":[{"href":"https:\/\/www.salineacademy.com\/fr\/wp-json\/wp\/v2\/types\/product"}],"acf:term":[{"embeddable":true,"taxonomy":"instrument","href":"https:\/\/www.salineacademy.com\/fr\/wp-json\/wp\/v2\/instrument\/34"}],"acf:post":[{"embeddable":true,"href":"https:\/\/www.salineacademy.com\/fr\/wp-json\/wp\/v2\/teacher\/733"}],"wp:featuredmedia":[{"embeddable":true,"href":"https:\/\/www.salineacademy.com\/fr\/wp-json\/wp\/v2\/media\/1724"}],"wp:attachment":[{"href":"https:\/\/www.salineacademy.com\/fr\/wp-json\/wp\/v2\/media?parent=1726"}],"wp:term":[{"taxonomy":"product_brand","embeddable":true,"href":"https:\/\/www.salineacademy.com\/fr\/wp-json\/wp\/v2\/product_brand?post=1726"},{"taxonomy":"product_cat","embeddable":true,"href":"https:\/\/www.salineacademy.com\/fr\/wp-json\/wp\/v2\/product_cat?post=1726"},{"taxonomy":"product_tag","embeddable":true,"href":"https:\/\/www.salineacademy.com\/fr\/wp-json\/wp\/v2\/product_tag?post=1726"}],"curies":[{"name":"wp","href":"https:\/\/api.w.org\/{rel}","templated":true}]}}