{"id":1730,"date":"2025-08-08T17:48:12","date_gmt":"2025-08-08T15:48:12","guid":{"rendered":"https:\/\/www.salineacademy.com\/replay\/carnaval\/"},"modified":"2025-09-10T16:22:34","modified_gmt":"2025-09-10T14:22:34","slug":"carnaval","status":"publish","type":"product","link":"https:\/\/www.salineacademy.com\/fr\/replay\/carnaval\/","title":{"rendered":"Carnaval"},"content":{"rendered":"<p>Le ma\u00eetre de piano Jacques Rouvier et son \u00e9l\u00e8ve Niccolo Spolettini examinent le legato, l&rsquo;\u00e9coute attentive et le jeu avec aisance.<\/p>\n","protected":false},"excerpt":{"rendered":"<p>Le ma\u00eetre de piano Jacques Rouvier et son \u00e9l\u00e8ve Niccolo Spolettini examinent le legato, l&rsquo;\u00e9coute attentive et le jeu avec aisance.<\/p>\n","protected":false},"featured_media":1728,"template":"","meta":{"_acf_changed":false,"inline_featured_image":false},"product_brand":[],"product_cat":[30],"product_tag":[],"class_list":{"0":"post-1730","1":"product","2":"type-product","3":"status-publish","4":"has-post-thumbnail","6":"product_cat-masterclass","9":"first","10":"instock","11":"virtual","12":"taxable","13":"purchasable","14":"product-type-simple"},"acf":{"professeur":[706],"composer":"Schumann, Robert","type_de_contenu":"masterclass","slug_video":"dzZPYksk6I","slug_extrait_video":"aJWv3iy3xF","instruments":[33],"photo_de_fond":1728},"_links":{"self":[{"href":"https:\/\/www.salineacademy.com\/fr\/wp-json\/wp\/v2\/product\/1730","targetHints":{"allow":["GET"]}}],"collection":[{"href":"https:\/\/www.salineacademy.com\/fr\/wp-json\/wp\/v2\/product"}],"about":[{"href":"https:\/\/www.salineacademy.com\/fr\/wp-json\/wp\/v2\/types\/product"}],"acf:term":[{"embeddable":true,"taxonomy":"instrument","href":"https:\/\/www.salineacademy.com\/fr\/wp-json\/wp\/v2\/instrument\/33"}],"acf:post":[{"embeddable":true,"href":"https:\/\/www.salineacademy.com\/fr\/wp-json\/wp\/v2\/teacher\/706"}],"wp:featuredmedia":[{"embeddable":true,"href":"https:\/\/www.salineacademy.com\/fr\/wp-json\/wp\/v2\/media\/1728"}],"wp:attachment":[{"href":"https:\/\/www.salineacademy.com\/fr\/wp-json\/wp\/v2\/media?parent=1730"}],"wp:term":[{"taxonomy":"product_brand","embeddable":true,"href":"https:\/\/www.salineacademy.com\/fr\/wp-json\/wp\/v2\/product_brand?post=1730"},{"taxonomy":"product_cat","embeddable":true,"href":"https:\/\/www.salineacademy.com\/fr\/wp-json\/wp\/v2\/product_cat?post=1730"},{"taxonomy":"product_tag","embeddable":true,"href":"https:\/\/www.salineacademy.com\/fr\/wp-json\/wp\/v2\/product_tag?post=1730"}],"curies":[{"name":"wp","href":"https:\/\/api.w.org\/{rel}","templated":true}]}}