{"id":1852,"date":"2025-08-08T17:50:37","date_gmt":"2025-08-08T15:50:37","guid":{"rendered":"https:\/\/www.salineacademy.com\/replay\/concerto-pour-violoncelle-n-2-en-re-majeur-mouvement-1\/"},"modified":"2025-09-10T16:22:05","modified_gmt":"2025-09-10T14:22:05","slug":"concerto-pour-violoncelle-n-2-en-re-majeur-mouvement-1","status":"publish","type":"product","link":"https:\/\/www.salineacademy.com\/fr\/replay\/concerto-pour-violoncelle-n-2-en-re-majeur-mouvement-1\/","title":{"rendered":"Concerto pour violoncelle n\u00b0 2 en r\u00e9 majeur, mouvement 1"},"content":{"rendered":"<p>Dans cette masterclass pour violoncelle, le professeur Chu Yi-Bing et son \u00e9l\u00e8ve Yung-Han Cheng abordent des \u00e9l\u00e9ments de la musique classique allemande et plus encore.<\/p>\n","protected":false},"excerpt":{"rendered":"<p>Dans cette masterclass pour violoncelle, le professeur Chu Yi-Bing et son \u00e9l\u00e8ve Yung-Han Cheng abordent des \u00e9l\u00e9ments de la musique classique allemande et plus encore.<\/p>\n","protected":false},"featured_media":1850,"template":"","meta":{"_acf_changed":false,"inline_featured_image":false},"product_brand":[],"product_cat":[30],"product_tag":[],"class_list":{"0":"post-1852","1":"product","2":"type-product","3":"status-publish","4":"has-post-thumbnail","6":"product_cat-masterclass","9":"first","10":"instock","11":"virtual","12":"taxable","13":"purchasable","14":"product-type-simple"},"acf":{"professeur":[742],"composer":"Haydn, Joseph","type_de_contenu":"masterclass","slug_video":"kCoOC9JVCV","slug_extrait_video":"NaplLxTimF","instruments":[35],"photo_de_fond":1850},"_links":{"self":[{"href":"https:\/\/www.salineacademy.com\/fr\/wp-json\/wp\/v2\/product\/1852","targetHints":{"allow":["GET"]}}],"collection":[{"href":"https:\/\/www.salineacademy.com\/fr\/wp-json\/wp\/v2\/product"}],"about":[{"href":"https:\/\/www.salineacademy.com\/fr\/wp-json\/wp\/v2\/types\/product"}],"acf:term":[{"embeddable":true,"taxonomy":"instrument","href":"https:\/\/www.salineacademy.com\/fr\/wp-json\/wp\/v2\/instrument\/35"}],"acf:post":[{"embeddable":true,"href":"https:\/\/www.salineacademy.com\/fr\/wp-json\/wp\/v2\/teacher\/742"}],"wp:featuredmedia":[{"embeddable":true,"href":"https:\/\/www.salineacademy.com\/fr\/wp-json\/wp\/v2\/media\/1850"}],"wp:attachment":[{"href":"https:\/\/www.salineacademy.com\/fr\/wp-json\/wp\/v2\/media?parent=1852"}],"wp:term":[{"taxonomy":"product_brand","embeddable":true,"href":"https:\/\/www.salineacademy.com\/fr\/wp-json\/wp\/v2\/product_brand?post=1852"},{"taxonomy":"product_cat","embeddable":true,"href":"https:\/\/www.salineacademy.com\/fr\/wp-json\/wp\/v2\/product_cat?post=1852"},{"taxonomy":"product_tag","embeddable":true,"href":"https:\/\/www.salineacademy.com\/fr\/wp-json\/wp\/v2\/product_tag?post=1852"}],"curies":[{"name":"wp","href":"https:\/\/api.w.org\/{rel}","templated":true}]}}