{"id":1864,"date":"2025-08-08T17:50:54","date_gmt":"2025-08-08T15:50:54","guid":{"rendered":"https:\/\/www.salineacademy.com\/replay\/dombre-et-de-silence-prelude-1\/"},"modified":"2025-09-10T16:22:01","modified_gmt":"2025-09-10T14:22:01","slug":"dombre-et-de-silence-prelude-1","status":"publish","type":"product","link":"https:\/\/www.salineacademy.com\/fr\/replay\/dombre-et-de-silence-prelude-1\/","title":{"rendered":"D&rsquo;ombre et de silence, Pr\u00e9lude 1"},"content":{"rendered":"<p>Claire-Marie Le Guay et son \u00e9l\u00e8ve Maria Nikiforov explorent l&rsquo;articulation et la dynamique entre la main gauche et la main droite dans cette masterclass de piano.<\/p>\n","protected":false},"excerpt":{"rendered":"<p>Claire-Marie Le Guay et son \u00e9l\u00e8ve Maria Nikiforov explorent l&rsquo;articulation et la dynamique entre la main gauche et la main droite dans cette masterclass de piano.<\/p>\n","protected":false},"featured_media":1862,"template":"","meta":{"_acf_changed":false,"inline_featured_image":false},"product_brand":[],"product_cat":[30],"product_tag":[],"class_list":{"0":"post-1864","1":"product","2":"type-product","3":"status-publish","4":"has-post-thumbnail","6":"product_cat-masterclass","9":"first","10":"instock","11":"virtual","12":"taxable","13":"purchasable","14":"product-type-simple"},"acf":{"professeur":[691],"composer":"Dutilleux, Henri","type_de_contenu":"masterclass","slug_video":"3E8nP1iVsN","slug_extrait_video":"JarNNAgpFN","instruments":[33],"photo_de_fond":1862},"_links":{"self":[{"href":"https:\/\/www.salineacademy.com\/fr\/wp-json\/wp\/v2\/product\/1864","targetHints":{"allow":["GET"]}}],"collection":[{"href":"https:\/\/www.salineacademy.com\/fr\/wp-json\/wp\/v2\/product"}],"about":[{"href":"https:\/\/www.salineacademy.com\/fr\/wp-json\/wp\/v2\/types\/product"}],"acf:term":[{"embeddable":true,"taxonomy":"instrument","href":"https:\/\/www.salineacademy.com\/fr\/wp-json\/wp\/v2\/instrument\/33"}],"acf:post":[{"embeddable":true,"href":"https:\/\/www.salineacademy.com\/fr\/wp-json\/wp\/v2\/teacher\/691"}],"wp:featuredmedia":[{"embeddable":true,"href":"https:\/\/www.salineacademy.com\/fr\/wp-json\/wp\/v2\/media\/1862"}],"wp:attachment":[{"href":"https:\/\/www.salineacademy.com\/fr\/wp-json\/wp\/v2\/media?parent=1864"}],"wp:term":[{"taxonomy":"product_brand","embeddable":true,"href":"https:\/\/www.salineacademy.com\/fr\/wp-json\/wp\/v2\/product_brand?post=1864"},{"taxonomy":"product_cat","embeddable":true,"href":"https:\/\/www.salineacademy.com\/fr\/wp-json\/wp\/v2\/product_cat?post=1864"},{"taxonomy":"product_tag","embeddable":true,"href":"https:\/\/www.salineacademy.com\/fr\/wp-json\/wp\/v2\/product_tag?post=1864"}],"curies":[{"name":"wp","href":"https:\/\/api.w.org\/{rel}","templated":true}]}}