{"id":1926,"date":"2025-08-08T17:52:07","date_gmt":"2025-08-08T15:52:07","guid":{"rendered":"https:\/\/www.salineacademy.com\/replay\/concerto-pour-alto-2eme-et-3eme-mouvements\/"},"modified":"2025-09-10T16:21:46","modified_gmt":"2025-09-10T14:21:46","slug":"concerto-pour-alto-2eme-et-3eme-mouvements","status":"publish","type":"product","link":"https:\/\/www.salineacademy.com\/fr\/replay\/concerto-pour-alto-2eme-et-3eme-mouvements\/","title":{"rendered":"Concerto pour alto, 2\u00e8me et 3\u00e8me mouvements"},"content":{"rendered":"<p>Dans cette masterclass d&rsquo;alto, Isabel Charisius et son \u00e9l\u00e8ve Gregor Bugar travaillent sur le jeu sans tension, les strat\u00e9gies pour une pratique efficace, etc.<\/p>\n","protected":false},"excerpt":{"rendered":"<p>Dans cette masterclass d&rsquo;alto, Isabel Charisius et son \u00e9l\u00e8ve Gregor Bugar travaillent sur le jeu sans tension, les strat\u00e9gies pour une pratique efficace, etc.<\/p>\n","protected":false},"featured_media":1924,"template":"","meta":{"_acf_changed":false,"inline_featured_image":false},"product_brand":[],"product_cat":[30],"product_tag":[],"class_list":{"0":"post-1926","1":"product","2":"type-product","3":"status-publish","4":"has-post-thumbnail","6":"product_cat-masterclass","9":"first","10":"instock","11":"virtual","12":"taxable","13":"purchasable","14":"product-type-simple"},"acf":{"professeur":[694],"composer":"Bart\u00f3k, B\u00e9la","type_de_contenu":"masterclass","slug_video":"FYtZ9uVazi","slug_extrait_video":"IFonL0hvLd","instruments":[38],"photo_de_fond":1924},"_links":{"self":[{"href":"https:\/\/www.salineacademy.com\/fr\/wp-json\/wp\/v2\/product\/1926","targetHints":{"allow":["GET"]}}],"collection":[{"href":"https:\/\/www.salineacademy.com\/fr\/wp-json\/wp\/v2\/product"}],"about":[{"href":"https:\/\/www.salineacademy.com\/fr\/wp-json\/wp\/v2\/types\/product"}],"acf:term":[{"embeddable":true,"taxonomy":"instrument","href":"https:\/\/www.salineacademy.com\/fr\/wp-json\/wp\/v2\/instrument\/38"}],"acf:post":[{"embeddable":true,"href":"https:\/\/www.salineacademy.com\/fr\/wp-json\/wp\/v2\/teacher\/694"}],"wp:featuredmedia":[{"embeddable":true,"href":"https:\/\/www.salineacademy.com\/fr\/wp-json\/wp\/v2\/media\/1924"}],"wp:attachment":[{"href":"https:\/\/www.salineacademy.com\/fr\/wp-json\/wp\/v2\/media?parent=1926"}],"wp:term":[{"taxonomy":"product_brand","embeddable":true,"href":"https:\/\/www.salineacademy.com\/fr\/wp-json\/wp\/v2\/product_brand?post=1926"},{"taxonomy":"product_cat","embeddable":true,"href":"https:\/\/www.salineacademy.com\/fr\/wp-json\/wp\/v2\/product_cat?post=1926"},{"taxonomy":"product_tag","embeddable":true,"href":"https:\/\/www.salineacademy.com\/fr\/wp-json\/wp\/v2\/product_tag?post=1926"}],"curies":[{"name":"wp","href":"https:\/\/api.w.org\/{rel}","templated":true}]}}