{"id":1980,"date":"2025-08-08T17:53:07","date_gmt":"2025-08-08T15:53:07","guid":{"rendered":"https:\/\/www.salineacademy.com\/replay\/concerto-pour-alto-en-re-majeur\/"},"modified":"2025-09-10T16:21:33","modified_gmt":"2025-09-10T14:21:33","slug":"concerto-pour-alto-en-re-majeur","status":"publish","type":"product","link":"https:\/\/www.salineacademy.com\/fr\/replay\/concerto-pour-alto-en-re-majeur\/","title":{"rendered":"Concerto pour alto en r\u00e9 majeur"},"content":{"rendered":"<p>Nathan Braude et Mihyung Oh abordent la hi\u00e9rarchie des notes, le contexte de l&rsquo;\u0153uvre, le phras\u00e9 et d&rsquo;autres sujets dans cette masterclass pour alto.<\/p>\n","protected":false},"excerpt":{"rendered":"<p>Nathan Braude et Mihyung Oh abordent la hi\u00e9rarchie des notes, le contexte de l&rsquo;\u0153uvre, le phras\u00e9 et d&rsquo;autres sujets dans cette masterclass pour alto.<\/p>\n","protected":false},"featured_media":1978,"template":"","meta":{"_acf_changed":false,"inline_featured_image":false},"product_brand":[],"product_cat":[30],"product_tag":[],"class_list":{"0":"post-1980","1":"product","2":"type-product","3":"status-publish","4":"has-post-thumbnail","6":"product_cat-masterclass","9":"first","10":"instock","11":"virtual","12":"taxable","13":"purchasable","14":"product-type-simple"},"acf":{"professeur":[790],"composer":"Stamitz, Karl","type_de_contenu":"masterclass","slug_video":"tHgq9xRpOb","slug_extrait_video":"AGQ93hFeoN","instruments":[38],"photo_de_fond":1978},"_links":{"self":[{"href":"https:\/\/www.salineacademy.com\/fr\/wp-json\/wp\/v2\/product\/1980","targetHints":{"allow":["GET"]}}],"collection":[{"href":"https:\/\/www.salineacademy.com\/fr\/wp-json\/wp\/v2\/product"}],"about":[{"href":"https:\/\/www.salineacademy.com\/fr\/wp-json\/wp\/v2\/types\/product"}],"acf:term":[{"embeddable":true,"taxonomy":"instrument","href":"https:\/\/www.salineacademy.com\/fr\/wp-json\/wp\/v2\/instrument\/38"}],"acf:post":[{"embeddable":true,"href":"https:\/\/www.salineacademy.com\/fr\/wp-json\/wp\/v2\/teacher\/790"}],"wp:featuredmedia":[{"embeddable":true,"href":"https:\/\/www.salineacademy.com\/fr\/wp-json\/wp\/v2\/media\/1978"}],"wp:attachment":[{"href":"https:\/\/www.salineacademy.com\/fr\/wp-json\/wp\/v2\/media?parent=1980"}],"wp:term":[{"taxonomy":"product_brand","embeddable":true,"href":"https:\/\/www.salineacademy.com\/fr\/wp-json\/wp\/v2\/product_brand?post=1980"},{"taxonomy":"product_cat","embeddable":true,"href":"https:\/\/www.salineacademy.com\/fr\/wp-json\/wp\/v2\/product_cat?post=1980"},{"taxonomy":"product_tag","embeddable":true,"href":"https:\/\/www.salineacademy.com\/fr\/wp-json\/wp\/v2\/product_tag?post=1980"}],"curies":[{"name":"wp","href":"https:\/\/api.w.org\/{rel}","templated":true}]}}