{"id":2008,"date":"2025-08-08T17:53:39","date_gmt":"2025-08-08T15:53:39","guid":{"rendered":"https:\/\/www.salineacademy.com\/replay\/concerto-pour-violon-n-3-en-sol-majeur\/"},"modified":"2025-09-10T16:21:26","modified_gmt":"2025-09-10T14:21:26","slug":"concerto-pour-violon-n-3-en-sol-majeur","status":"publish","type":"product","link":"https:\/\/www.salineacademy.com\/fr\/replay\/concerto-pour-violon-n-3-en-sol-majeur\/","title":{"rendered":"Concerto pour violon n\u00b0 3 en sol majeur"},"content":{"rendered":"<p>Le professeur Barnab\u00e1s Kelemen et son \u00e9l\u00e8ve Ekaterina Zeynetdinova travaillent sur les techniques d&rsquo;archet, la direction musicale et d&rsquo;autres sujets pertinents.<\/p>\n","protected":false},"excerpt":{"rendered":"<p>Le professeur Barnab\u00e1s Kelemen et son \u00e9l\u00e8ve Ekaterina Zeynetdinova travaillent sur les techniques d&rsquo;archet, la direction musicale et d&rsquo;autres sujets pertinents.<\/p>\n","protected":false},"featured_media":2006,"template":"","meta":{"_acf_changed":false,"inline_featured_image":false},"product_brand":[],"product_cat":[30],"product_tag":[],"class_list":{"0":"post-2008","1":"product","2":"type-product","3":"status-publish","4":"has-post-thumbnail","6":"product_cat-masterclass","9":"first","10":"instock","11":"virtual","12":"taxable","13":"purchasable","14":"product-type-simple"},"acf":{"professeur":[778],"composer":"Mozart, Wolfgang Amadeus","type_de_contenu":"masterclass","slug_video":"NS864nHt96","slug_extrait_video":"za14YxY2Xe","instruments":[34],"photo_de_fond":2006},"_links":{"self":[{"href":"https:\/\/www.salineacademy.com\/fr\/wp-json\/wp\/v2\/product\/2008","targetHints":{"allow":["GET"]}}],"collection":[{"href":"https:\/\/www.salineacademy.com\/fr\/wp-json\/wp\/v2\/product"}],"about":[{"href":"https:\/\/www.salineacademy.com\/fr\/wp-json\/wp\/v2\/types\/product"}],"acf:term":[{"embeddable":true,"taxonomy":"instrument","href":"https:\/\/www.salineacademy.com\/fr\/wp-json\/wp\/v2\/instrument\/34"}],"acf:post":[{"embeddable":true,"href":"https:\/\/www.salineacademy.com\/fr\/wp-json\/wp\/v2\/teacher\/778"}],"wp:featuredmedia":[{"embeddable":true,"href":"https:\/\/www.salineacademy.com\/fr\/wp-json\/wp\/v2\/media\/2006"}],"wp:attachment":[{"href":"https:\/\/www.salineacademy.com\/fr\/wp-json\/wp\/v2\/media?parent=2008"}],"wp:term":[{"taxonomy":"product_brand","embeddable":true,"href":"https:\/\/www.salineacademy.com\/fr\/wp-json\/wp\/v2\/product_brand?post=2008"},{"taxonomy":"product_cat","embeddable":true,"href":"https:\/\/www.salineacademy.com\/fr\/wp-json\/wp\/v2\/product_cat?post=2008"},{"taxonomy":"product_tag","embeddable":true,"href":"https:\/\/www.salineacademy.com\/fr\/wp-json\/wp\/v2\/product_tag?post=2008"}],"curies":[{"name":"wp","href":"https:\/\/api.w.org\/{rel}","templated":true}]}}