{"id":2020,"date":"2025-08-08T17:53:52","date_gmt":"2025-08-08T15:53:52","guid":{"rendered":"https:\/\/www.salineacademy.com\/replay\/concerto-nr-2-en-re-majeur-op-101\/"},"modified":"2025-09-10T16:21:23","modified_gmt":"2025-09-10T14:21:23","slug":"concerto-nr-2-en-re-majeur-op-101","status":"publish","type":"product","link":"https:\/\/www.salineacademy.com\/fr\/replay\/concerto-nr-2-en-re-majeur-op-101\/","title":{"rendered":"Concerto Nr. 2 en R\u00e9 Majeur, Op. 101"},"content":{"rendered":"<p>Dans cette le\u00e7on de violoncelle, Anne Gastinel et Irena Gatalica travaillent sur les vibratos, le phras\u00e9 et d&rsquo;autres d\u00e9tails.<\/p>\n","protected":false},"excerpt":{"rendered":"<p>Dans cette le\u00e7on de violoncelle, Anne Gastinel et Irena Gatalica travaillent sur les vibratos, le phras\u00e9 et d&rsquo;autres d\u00e9tails.<\/p>\n","protected":false},"featured_media":2018,"template":"","meta":{"_acf_changed":false,"inline_featured_image":false},"product_brand":[],"product_cat":[30],"product_tag":[],"class_list":{"0":"post-2020","1":"product","2":"type-product","3":"status-publish","4":"has-post-thumbnail","6":"product_cat-masterclass","9":"first","10":"instock","11":"virtual","12":"taxable","13":"purchasable","14":"product-type-simple"},"acf":{"professeur":[667],"composer":"Haydn, Joseph","type_de_contenu":"masterclass","slug_video":"s9Xywo2zyE","slug_extrait_video":"I1qelPx3le","instruments":[35],"photo_de_fond":2018},"_links":{"self":[{"href":"https:\/\/www.salineacademy.com\/fr\/wp-json\/wp\/v2\/product\/2020","targetHints":{"allow":["GET"]}}],"collection":[{"href":"https:\/\/www.salineacademy.com\/fr\/wp-json\/wp\/v2\/product"}],"about":[{"href":"https:\/\/www.salineacademy.com\/fr\/wp-json\/wp\/v2\/types\/product"}],"acf:term":[{"embeddable":true,"taxonomy":"instrument","href":"https:\/\/www.salineacademy.com\/fr\/wp-json\/wp\/v2\/instrument\/35"}],"acf:post":[{"embeddable":true,"href":"https:\/\/www.salineacademy.com\/fr\/wp-json\/wp\/v2\/teacher\/667"}],"wp:featuredmedia":[{"embeddable":true,"href":"https:\/\/www.salineacademy.com\/fr\/wp-json\/wp\/v2\/media\/2018"}],"wp:attachment":[{"href":"https:\/\/www.salineacademy.com\/fr\/wp-json\/wp\/v2\/media?parent=2020"}],"wp:term":[{"taxonomy":"product_brand","embeddable":true,"href":"https:\/\/www.salineacademy.com\/fr\/wp-json\/wp\/v2\/product_brand?post=2020"},{"taxonomy":"product_cat","embeddable":true,"href":"https:\/\/www.salineacademy.com\/fr\/wp-json\/wp\/v2\/product_cat?post=2020"},{"taxonomy":"product_tag","embeddable":true,"href":"https:\/\/www.salineacademy.com\/fr\/wp-json\/wp\/v2\/product_tag?post=2020"}],"curies":[{"name":"wp","href":"https:\/\/api.w.org\/{rel}","templated":true}]}}