{"id":2072,"date":"2025-08-08T17:54:52","date_gmt":"2025-08-08T15:54:52","guid":{"rendered":"https:\/\/www.salineacademy.com\/replay\/sonate-pour-flute-en-mi-mineur-1er-mouvement\/"},"modified":"2025-09-10T16:21:11","modified_gmt":"2025-09-10T14:21:11","slug":"sonate-pour-flute-en-mi-mineur-1er-mouvement","status":"publish","type":"product","link":"https:\/\/www.salineacademy.com\/fr\/replay\/sonate-pour-flute-en-mi-mineur-1er-mouvement\/","title":{"rendered":"Sonate pour fl\u00fbte en Mi Mineur, 1er mouvement"},"content":{"rendered":"<p>Silivia Careddu et Yunmo Zhang explorent le style, le phras\u00e9, l&rsquo;articulation et d&rsquo;autres sujets dans cette masterclass de fl\u00fbte.<\/p>\n","protected":false},"excerpt":{"rendered":"<p>Silivia Careddu et Yunmo Zhang explorent le style, le phras\u00e9, l&rsquo;articulation et d&rsquo;autres sujets dans cette masterclass de fl\u00fbte.<\/p>\n","protected":false},"featured_media":2070,"template":"","meta":{"_acf_changed":false,"inline_featured_image":false},"product_brand":[],"product_cat":[30],"product_tag":[],"class_list":{"0":"post-2072","1":"product","2":"type-product","3":"status-publish","4":"has-post-thumbnail","6":"product_cat-masterclass","9":"first","10":"instock","11":"virtual","12":"taxable","13":"purchasable","14":"product-type-simple"},"acf":{"professeur":[715],"composer":"Bach, Johann Sebastian","type_de_contenu":"masterclass","slug_video":"KhKz4GirOX","slug_extrait_video":"0UcbGmXeJ2","instruments":[39],"photo_de_fond":2070},"_links":{"self":[{"href":"https:\/\/www.salineacademy.com\/fr\/wp-json\/wp\/v2\/product\/2072","targetHints":{"allow":["GET"]}}],"collection":[{"href":"https:\/\/www.salineacademy.com\/fr\/wp-json\/wp\/v2\/product"}],"about":[{"href":"https:\/\/www.salineacademy.com\/fr\/wp-json\/wp\/v2\/types\/product"}],"acf:term":[{"embeddable":true,"taxonomy":"instrument","href":"https:\/\/www.salineacademy.com\/fr\/wp-json\/wp\/v2\/instrument\/39"}],"acf:post":[{"embeddable":true,"href":"https:\/\/www.salineacademy.com\/fr\/wp-json\/wp\/v2\/teacher\/715"}],"wp:featuredmedia":[{"embeddable":true,"href":"https:\/\/www.salineacademy.com\/fr\/wp-json\/wp\/v2\/media\/2070"}],"wp:attachment":[{"href":"https:\/\/www.salineacademy.com\/fr\/wp-json\/wp\/v2\/media?parent=2072"}],"wp:term":[{"taxonomy":"product_brand","embeddable":true,"href":"https:\/\/www.salineacademy.com\/fr\/wp-json\/wp\/v2\/product_brand?post=2072"},{"taxonomy":"product_cat","embeddable":true,"href":"https:\/\/www.salineacademy.com\/fr\/wp-json\/wp\/v2\/product_cat?post=2072"},{"taxonomy":"product_tag","embeddable":true,"href":"https:\/\/www.salineacademy.com\/fr\/wp-json\/wp\/v2\/product_tag?post=2072"}],"curies":[{"name":"wp","href":"https:\/\/api.w.org\/{rel}","templated":true}]}}