{"id":2138,"date":"2025-08-08T17:56:08","date_gmt":"2025-08-08T15:56:08","guid":{"rendered":"https:\/\/www.salineacademy.com\/replay\/concerto-en-fa-mineur-2\/"},"modified":"2025-09-10T16:20:56","modified_gmt":"2025-09-10T14:20:56","slug":"concerto-en-fa-mineur-2","status":"publish","type":"product","link":"https:\/\/www.salineacademy.com\/fr\/replay\/concerto-en-fa-mineur-2\/","title":{"rendered":"Concerto en Fa Mineur"},"content":{"rendered":"<p>En travaillant notamment sur la respiration, Jacques Mauger aide son \u00e9l\u00e8ve Kaitai Li, a interpr\u00e9ter le Concerto en Fa mineur pour trombone et piano d&rsquo;Haendel.<\/p>\n","protected":false},"excerpt":{"rendered":"<p>En travaillant notamment sur la respiration, Jacques Mauger aide son \u00e9l\u00e8ve Kaitai Li, a interpr\u00e9ter le Concerto en Fa mineur pour trombone et piano d&rsquo;Haendel.<\/p>\n","protected":false},"featured_media":2136,"template":"","meta":{"_acf_changed":false,"inline_featured_image":false},"product_brand":[],"product_cat":[30],"product_tag":[],"class_list":{"0":"post-2138","1":"product","2":"type-product","3":"status-publish","4":"has-post-thumbnail","6":"product_cat-masterclass","9":"first","10":"instock","11":"virtual","12":"taxable","13":"purchasable","14":"product-type-simple"},"acf":{"professeur":[703],"composer":"Haendel, Georg Friedrich","type_de_contenu":"masterclass","slug_video":"xm3Mpe7WDn","slug_extrait_video":"gKtEPtbM74","instruments":[40],"photo_de_fond":2136},"_links":{"self":[{"href":"https:\/\/www.salineacademy.com\/fr\/wp-json\/wp\/v2\/product\/2138","targetHints":{"allow":["GET"]}}],"collection":[{"href":"https:\/\/www.salineacademy.com\/fr\/wp-json\/wp\/v2\/product"}],"about":[{"href":"https:\/\/www.salineacademy.com\/fr\/wp-json\/wp\/v2\/types\/product"}],"acf:term":[{"embeddable":true,"taxonomy":"instrument","href":"https:\/\/www.salineacademy.com\/fr\/wp-json\/wp\/v2\/instrument\/40"}],"acf:post":[{"embeddable":true,"href":"https:\/\/www.salineacademy.com\/fr\/wp-json\/wp\/v2\/teacher\/703"}],"wp:featuredmedia":[{"embeddable":true,"href":"https:\/\/www.salineacademy.com\/fr\/wp-json\/wp\/v2\/media\/2136"}],"wp:attachment":[{"href":"https:\/\/www.salineacademy.com\/fr\/wp-json\/wp\/v2\/media?parent=2138"}],"wp:term":[{"taxonomy":"product_brand","embeddable":true,"href":"https:\/\/www.salineacademy.com\/fr\/wp-json\/wp\/v2\/product_brand?post=2138"},{"taxonomy":"product_cat","embeddable":true,"href":"https:\/\/www.salineacademy.com\/fr\/wp-json\/wp\/v2\/product_cat?post=2138"},{"taxonomy":"product_tag","embeddable":true,"href":"https:\/\/www.salineacademy.com\/fr\/wp-json\/wp\/v2\/product_tag?post=2138"}],"curies":[{"name":"wp","href":"https:\/\/api.w.org\/{rel}","templated":true}]}}