{"id":2186,"date":"2025-08-08T17:57:03","date_gmt":"2025-08-08T15:57:03","guid":{"rendered":"https:\/\/www.salineacademy.com\/replay\/rhapsodie-hongroise-no-5-en-mi-mineur-s-244-5-heroide-elegiaque\/"},"modified":"2025-09-10T16:20:43","modified_gmt":"2025-09-10T14:20:43","slug":"rhapsodie-hongroise-no-5-en-mi-mineur-s-244-5-heroide-elegiaque","status":"publish","type":"product","link":"https:\/\/www.salineacademy.com\/fr\/replay\/rhapsodie-hongroise-no-5-en-mi-mineur-s-244-5-heroide-elegiaque\/","title":{"rendered":"Rhapsodie hongroise no. 5 en mi mineur, S.244\/5, H\u00e9ro\u00efde \u00e9l\u00e9giaque"},"content":{"rendered":"<p>Denis Pascal et Rodolphe Menguy travaillent sur l&rsquo;anticipation des transitions, l&rsquo;articulation, etc. dans cette masterclass.<\/p>\n","protected":false},"excerpt":{"rendered":"<p>Denis Pascal et Rodolphe Menguy travaillent sur l&rsquo;anticipation des transitions, l&rsquo;articulation, etc. dans cette masterclass.<\/p>\n","protected":false},"featured_media":2184,"template":"","meta":{"_acf_changed":false,"inline_featured_image":false},"product_brand":[],"product_cat":[30],"product_tag":[],"class_list":{"0":"post-2186","1":"product","2":"type-product","3":"status-publish","4":"has-post-thumbnail","6":"product_cat-masterclass","9":"first","10":"instock","11":"virtual","12":"taxable","13":"purchasable","14":"product-type-simple"},"acf":{"professeur":[793],"composer":"Liszt, Franz","type_de_contenu":"masterclass","slug_video":"aF2Wr9hU2l","slug_extrait_video":"eQLY7DZdYZ","instruments":[33],"photo_de_fond":2184},"_links":{"self":[{"href":"https:\/\/www.salineacademy.com\/fr\/wp-json\/wp\/v2\/product\/2186","targetHints":{"allow":["GET"]}}],"collection":[{"href":"https:\/\/www.salineacademy.com\/fr\/wp-json\/wp\/v2\/product"}],"about":[{"href":"https:\/\/www.salineacademy.com\/fr\/wp-json\/wp\/v2\/types\/product"}],"acf:term":[{"embeddable":true,"taxonomy":"instrument","href":"https:\/\/www.salineacademy.com\/fr\/wp-json\/wp\/v2\/instrument\/33"}],"acf:post":[{"embeddable":true,"href":"https:\/\/www.salineacademy.com\/fr\/wp-json\/wp\/v2\/teacher\/793"}],"wp:featuredmedia":[{"embeddable":true,"href":"https:\/\/www.salineacademy.com\/fr\/wp-json\/wp\/v2\/media\/2184"}],"wp:attachment":[{"href":"https:\/\/www.salineacademy.com\/fr\/wp-json\/wp\/v2\/media?parent=2186"}],"wp:term":[{"taxonomy":"product_brand","embeddable":true,"href":"https:\/\/www.salineacademy.com\/fr\/wp-json\/wp\/v2\/product_brand?post=2186"},{"taxonomy":"product_cat","embeddable":true,"href":"https:\/\/www.salineacademy.com\/fr\/wp-json\/wp\/v2\/product_cat?post=2186"},{"taxonomy":"product_tag","embeddable":true,"href":"https:\/\/www.salineacademy.com\/fr\/wp-json\/wp\/v2\/product_tag?post=2186"}],"curies":[{"name":"wp","href":"https:\/\/api.w.org\/{rel}","templated":true}]}}