{"id":2198,"date":"2025-08-08T17:57:18","date_gmt":"2025-08-08T15:57:18","guid":{"rendered":"https:\/\/www.salineacademy.com\/replay\/sonate-pour-clarinette-nr-1-op-120-1er-mouvement\/"},"modified":"2025-09-10T16:20:40","modified_gmt":"2025-09-10T14:20:40","slug":"sonate-pour-clarinette-nr-1-op-120-1er-mouvement","status":"publish","type":"product","link":"https:\/\/www.salineacademy.com\/fr\/replay\/sonate-pour-clarinette-nr-1-op-120-1er-mouvement\/","title":{"rendered":"Sonate pour clarinette Nr. 1, Op. 120, 1er mouvement"},"content":{"rendered":"<p>Dans cette masterclass, Sharon Kam aborde plusieurs sujets tels que la structure, le vibrato, le caract\u00e8re, l&rsquo;accordage, avec son \u00e9l\u00e8ve Jakob Plag.<\/p>\n","protected":false},"excerpt":{"rendered":"<p>Dans cette masterclass, Sharon Kam aborde plusieurs sujets tels que la structure, le vibrato, le caract\u00e8re, l&rsquo;accordage, avec son \u00e9l\u00e8ve Jakob Plag.<\/p>\n","protected":false},"featured_media":2196,"template":"","meta":{"_acf_changed":false,"inline_featured_image":false},"product_brand":[],"product_cat":[30],"product_tag":[],"class_list":{"0":"post-2198","1":"product","2":"type-product","3":"status-publish","4":"has-post-thumbnail","6":"product_cat-masterclass","9":"first","10":"instock","11":"virtual","12":"taxable","13":"purchasable","14":"product-type-simple"},"acf":{"professeur":[718],"composer":"Brahms, Johannes","type_de_contenu":"masterclass","slug_video":"po9hipolqz","slug_extrait_video":"pIlPDHiF9A","instruments":[41],"photo_de_fond":2196},"_links":{"self":[{"href":"https:\/\/www.salineacademy.com\/fr\/wp-json\/wp\/v2\/product\/2198","targetHints":{"allow":["GET"]}}],"collection":[{"href":"https:\/\/www.salineacademy.com\/fr\/wp-json\/wp\/v2\/product"}],"about":[{"href":"https:\/\/www.salineacademy.com\/fr\/wp-json\/wp\/v2\/types\/product"}],"acf:term":[{"embeddable":true,"taxonomy":"instrument","href":"https:\/\/www.salineacademy.com\/fr\/wp-json\/wp\/v2\/instrument\/41"}],"acf:post":[{"embeddable":true,"href":"https:\/\/www.salineacademy.com\/fr\/wp-json\/wp\/v2\/teacher\/718"}],"wp:featuredmedia":[{"embeddable":true,"href":"https:\/\/www.salineacademy.com\/fr\/wp-json\/wp\/v2\/media\/2196"}],"wp:attachment":[{"href":"https:\/\/www.salineacademy.com\/fr\/wp-json\/wp\/v2\/media?parent=2198"}],"wp:term":[{"taxonomy":"product_brand","embeddable":true,"href":"https:\/\/www.salineacademy.com\/fr\/wp-json\/wp\/v2\/product_brand?post=2198"},{"taxonomy":"product_cat","embeddable":true,"href":"https:\/\/www.salineacademy.com\/fr\/wp-json\/wp\/v2\/product_cat?post=2198"},{"taxonomy":"product_tag","embeddable":true,"href":"https:\/\/www.salineacademy.com\/fr\/wp-json\/wp\/v2\/product_tag?post=2198"}],"curies":[{"name":"wp","href":"https:\/\/api.w.org\/{rel}","templated":true}]}}