{"id":2206,"date":"2025-08-08T17:57:27","date_gmt":"2025-08-08T15:57:27","guid":{"rendered":"https:\/\/www.salineacademy.com\/replay\/concerto-pour-violon-en-re-mineur-op-47-1er-mouvement\/"},"modified":"2025-09-10T16:20:38","modified_gmt":"2025-09-10T14:20:38","slug":"concerto-pour-violon-en-re-mineur-op-47-1er-mouvement","status":"publish","type":"product","link":"https:\/\/www.salineacademy.com\/fr\/replay\/concerto-pour-violon-en-re-mineur-op-47-1er-mouvement\/","title":{"rendered":"Concerto pour violon en R\u00e9 Mineur, Op. 47, 1er mouvement"},"content":{"rendered":"<p>Pavel Vernikov et Amia Janicki travaillent sur les techniques d&rsquo;archet, le doigt\u00e9 et capturent la port\u00e9e \u00e9motionnelle du Concerto pour violon en r\u00e9 mineur, op. 47.<\/p>\n","protected":false},"excerpt":{"rendered":"<p>Pavel Vernikov et Amia Janicki travaillent sur les techniques d&rsquo;archet, le doigt\u00e9 et capturent la port\u00e9e \u00e9motionnelle du Concerto pour violon en r\u00e9 mineur, op. 47.<\/p>\n","protected":false},"featured_media":2204,"template":"","meta":{"_acf_changed":false,"inline_featured_image":false},"product_brand":[],"product_cat":[30],"product_tag":[],"class_list":{"0":"post-2206","1":"product","2":"type-product","3":"status-publish","4":"has-post-thumbnail","6":"product_cat-masterclass","9":"first","10":"instock","11":"virtual","12":"taxable","13":"purchasable","14":"product-type-simple"},"acf":{"professeur":[919],"composer":"Sibelius, Jean","type_de_contenu":"masterclass","slug_video":"p11GJ4KqQX","slug_extrait_video":"J1dlRTDFlq","instruments":[34],"photo_de_fond":2204},"_links":{"self":[{"href":"https:\/\/www.salineacademy.com\/fr\/wp-json\/wp\/v2\/product\/2206","targetHints":{"allow":["GET"]}}],"collection":[{"href":"https:\/\/www.salineacademy.com\/fr\/wp-json\/wp\/v2\/product"}],"about":[{"href":"https:\/\/www.salineacademy.com\/fr\/wp-json\/wp\/v2\/types\/product"}],"acf:term":[{"embeddable":true,"taxonomy":"instrument","href":"https:\/\/www.salineacademy.com\/fr\/wp-json\/wp\/v2\/instrument\/34"}],"acf:post":[{"embeddable":true,"href":"https:\/\/www.salineacademy.com\/fr\/wp-json\/wp\/v2\/teacher\/919"}],"wp:featuredmedia":[{"embeddable":true,"href":"https:\/\/www.salineacademy.com\/fr\/wp-json\/wp\/v2\/media\/2204"}],"wp:attachment":[{"href":"https:\/\/www.salineacademy.com\/fr\/wp-json\/wp\/v2\/media?parent=2206"}],"wp:term":[{"taxonomy":"product_brand","embeddable":true,"href":"https:\/\/www.salineacademy.com\/fr\/wp-json\/wp\/v2\/product_brand?post=2206"},{"taxonomy":"product_cat","embeddable":true,"href":"https:\/\/www.salineacademy.com\/fr\/wp-json\/wp\/v2\/product_cat?post=2206"},{"taxonomy":"product_tag","embeddable":true,"href":"https:\/\/www.salineacademy.com\/fr\/wp-json\/wp\/v2\/product_tag?post=2206"}],"curies":[{"name":"wp","href":"https:\/\/api.w.org\/{rel}","templated":true}]}}