{"id":2238,"date":"2025-08-08T17:58:13","date_gmt":"2025-08-08T15:58:13","guid":{"rendered":"https:\/\/www.salineacademy.com\/replay\/regrets\/"},"modified":"2025-09-10T16:20:30","modified_gmt":"2025-09-10T14:20:30","slug":"regrets","status":"publish","type":"product","link":"https:\/\/www.salineacademy.com\/fr\/replay\/regrets\/","title":{"rendered":"Regrets"},"content":{"rendered":"<p>Dans cette le\u00e7on de chant, Fran\u00e7ois Le Roux et Lea Bellili se concentrent sur le tempo et comment \u00e9voquer le caract\u00e8re de la pi\u00e8ce.<\/p>\n","protected":false},"excerpt":{"rendered":"<p>Dans cette le\u00e7on de chant, Fran\u00e7ois Le Roux et Lea Bellili se concentrent sur le tempo et comment \u00e9voquer le caract\u00e8re de la pi\u00e8ce.<\/p>\n","protected":false},"featured_media":2236,"template":"","meta":{"_acf_changed":false,"inline_featured_image":false},"product_brand":[],"product_cat":[30],"product_tag":[],"class_list":{"0":"post-2238","1":"product","2":"type-product","3":"status-publish","4":"has-post-thumbnail","6":"product_cat-masterclass","9":"first","10":"instock","11":"virtual","12":"taxable","13":"purchasable","14":"product-type-simple"},"acf":{"professeur":[724],"composer":"Debussy, Claude","type_de_contenu":"masterclass","slug_video":"LETxDxAd4s","slug_extrait_video":"Ugi8zkOWk1","instruments":[42],"photo_de_fond":2236},"_links":{"self":[{"href":"https:\/\/www.salineacademy.com\/fr\/wp-json\/wp\/v2\/product\/2238","targetHints":{"allow":["GET"]}}],"collection":[{"href":"https:\/\/www.salineacademy.com\/fr\/wp-json\/wp\/v2\/product"}],"about":[{"href":"https:\/\/www.salineacademy.com\/fr\/wp-json\/wp\/v2\/types\/product"}],"acf:term":[{"embeddable":true,"taxonomy":"instrument","href":"https:\/\/www.salineacademy.com\/fr\/wp-json\/wp\/v2\/instrument\/42"}],"acf:post":[{"embeddable":true,"href":"https:\/\/www.salineacademy.com\/fr\/wp-json\/wp\/v2\/teacher\/724"}],"wp:featuredmedia":[{"embeddable":true,"href":"https:\/\/www.salineacademy.com\/fr\/wp-json\/wp\/v2\/media\/2236"}],"wp:attachment":[{"href":"https:\/\/www.salineacademy.com\/fr\/wp-json\/wp\/v2\/media?parent=2238"}],"wp:term":[{"taxonomy":"product_brand","embeddable":true,"href":"https:\/\/www.salineacademy.com\/fr\/wp-json\/wp\/v2\/product_brand?post=2238"},{"taxonomy":"product_cat","embeddable":true,"href":"https:\/\/www.salineacademy.com\/fr\/wp-json\/wp\/v2\/product_cat?post=2238"},{"taxonomy":"product_tag","embeddable":true,"href":"https:\/\/www.salineacademy.com\/fr\/wp-json\/wp\/v2\/product_tag?post=2238"}],"curies":[{"name":"wp","href":"https:\/\/api.w.org\/{rel}","templated":true}]}}