{"id":2288,"date":"2025-08-08T17:59:11","date_gmt":"2025-08-08T15:59:11","guid":{"rendered":"https:\/\/www.salineacademy.com\/replay\/lakme-air-de-gerard-fantaisie-aux-divins-mensonges\/"},"modified":"2025-09-10T16:20:18","modified_gmt":"2025-09-10T14:20:18","slug":"lakme-air-de-gerard-fantaisie-aux-divins-mensonges","status":"publish","type":"product","link":"https:\/\/www.salineacademy.com\/fr\/replay\/lakme-air-de-gerard-fantaisie-aux-divins-mensonges\/","title":{"rendered":"Lakm\u00e9, Air de G\u00e9rard (Fantaisie aux divins mensonges)"},"content":{"rendered":"<p>Jean-Paul Fouch\u00e9court et Gr\u00e9goire Mour explorent les techniques et les nuances vocales dans cette masterclass.<\/p>\n","protected":false},"excerpt":{"rendered":"<p>Jean-Paul Fouch\u00e9court et Gr\u00e9goire Mour explorent les techniques et les nuances vocales dans cette masterclass.<\/p>\n","protected":false},"featured_media":2286,"template":"","meta":{"_acf_changed":false,"inline_featured_image":false},"product_brand":[],"product_cat":[30],"product_tag":[],"class_list":{"0":"post-2288","1":"product","2":"type-product","3":"status-publish","4":"has-post-thumbnail","6":"product_cat-masterclass","9":"first","10":"instock","11":"virtual","12":"taxable","13":"purchasable","14":"product-type-simple"},"acf":{"professeur":[787],"composer":"Delibes, L\u00e9o","type_de_contenu":"masterclass","slug_video":"tT4KAh0Wpn","slug_extrait_video":"LraTmeSoIw","instruments":[42],"photo_de_fond":2286},"_links":{"self":[{"href":"https:\/\/www.salineacademy.com\/fr\/wp-json\/wp\/v2\/product\/2288","targetHints":{"allow":["GET"]}}],"collection":[{"href":"https:\/\/www.salineacademy.com\/fr\/wp-json\/wp\/v2\/product"}],"about":[{"href":"https:\/\/www.salineacademy.com\/fr\/wp-json\/wp\/v2\/types\/product"}],"acf:term":[{"embeddable":true,"taxonomy":"instrument","href":"https:\/\/www.salineacademy.com\/fr\/wp-json\/wp\/v2\/instrument\/42"}],"acf:post":[{"embeddable":true,"href":"https:\/\/www.salineacademy.com\/fr\/wp-json\/wp\/v2\/teacher\/787"}],"wp:featuredmedia":[{"embeddable":true,"href":"https:\/\/www.salineacademy.com\/fr\/wp-json\/wp\/v2\/media\/2286"}],"wp:attachment":[{"href":"https:\/\/www.salineacademy.com\/fr\/wp-json\/wp\/v2\/media?parent=2288"}],"wp:term":[{"taxonomy":"product_brand","embeddable":true,"href":"https:\/\/www.salineacademy.com\/fr\/wp-json\/wp\/v2\/product_brand?post=2288"},{"taxonomy":"product_cat","embeddable":true,"href":"https:\/\/www.salineacademy.com\/fr\/wp-json\/wp\/v2\/product_cat?post=2288"},{"taxonomy":"product_tag","embeddable":true,"href":"https:\/\/www.salineacademy.com\/fr\/wp-json\/wp\/v2\/product_tag?post=2288"}],"curies":[{"name":"wp","href":"https:\/\/api.w.org\/{rel}","templated":true}]}}