{"id":2304,"date":"2025-08-08T17:59:30","date_gmt":"2025-08-08T15:59:30","guid":{"rendered":"https:\/\/www.salineacademy.com\/replay\/sonate-pour-violon-no-1-en-sol-mineur-par-johann-sebastian-bach\/"},"modified":"2025-09-10T16:20:14","modified_gmt":"2025-09-10T14:20:14","slug":"sonate-pour-violon-no-1-en-sol-mineur-par-johann-sebastian-bach","status":"publish","type":"product","link":"https:\/\/www.salineacademy.com\/fr\/replay\/sonate-pour-violon-no-1-en-sol-mineur-par-johann-sebastian-bach\/","title":{"rendered":"Sonate pour violon No.1 en sol mineur par Johann Sebastian Bach"},"content":{"rendered":"<p>Dans cette masterclass, le professeur Ning Feng et l\u2019\u00e9l\u00e8ve Aijia Li s&rsquo;attaquent ensemble \u00e0 la premi\u00e8re Sonate de Bach (en sol mineur, BWV 1001).<\/p>\n","protected":false},"excerpt":{"rendered":"<p>Dans cette masterclass, le professeur Ning Feng et l\u2019\u00e9l\u00e8ve Aijia Li s&rsquo;attaquent ensemble \u00e0 la premi\u00e8re Sonate de Bach (en sol mineur, BWV 1001).<\/p>\n","protected":false},"featured_media":2302,"template":"","meta":{"_acf_changed":false,"inline_featured_image":false},"product_brand":[],"product_cat":[30],"product_tag":[],"class_list":{"0":"post-2304","1":"product","2":"type-product","3":"status-publish","4":"has-post-thumbnail","6":"product_cat-masterclass","9":"first","10":"instock","11":"virtual","12":"taxable","13":"purchasable","14":"product-type-simple"},"acf":{"professeur":[781],"composer":"Bach, Johann Sebastian","type_de_contenu":"masterclass","slug_video":"v5boFM2ZNs","slug_extrait_video":"yml59F4UC7","instruments":[34],"photo_de_fond":2302},"_links":{"self":[{"href":"https:\/\/www.salineacademy.com\/fr\/wp-json\/wp\/v2\/product\/2304","targetHints":{"allow":["GET"]}}],"collection":[{"href":"https:\/\/www.salineacademy.com\/fr\/wp-json\/wp\/v2\/product"}],"about":[{"href":"https:\/\/www.salineacademy.com\/fr\/wp-json\/wp\/v2\/types\/product"}],"acf:term":[{"embeddable":true,"taxonomy":"instrument","href":"https:\/\/www.salineacademy.com\/fr\/wp-json\/wp\/v2\/instrument\/34"}],"acf:post":[{"embeddable":true,"href":"https:\/\/www.salineacademy.com\/fr\/wp-json\/wp\/v2\/teacher\/781"}],"wp:featuredmedia":[{"embeddable":true,"href":"https:\/\/www.salineacademy.com\/fr\/wp-json\/wp\/v2\/media\/2302"}],"wp:attachment":[{"href":"https:\/\/www.salineacademy.com\/fr\/wp-json\/wp\/v2\/media?parent=2304"}],"wp:term":[{"taxonomy":"product_brand","embeddable":true,"href":"https:\/\/www.salineacademy.com\/fr\/wp-json\/wp\/v2\/product_brand?post=2304"},{"taxonomy":"product_cat","embeddable":true,"href":"https:\/\/www.salineacademy.com\/fr\/wp-json\/wp\/v2\/product_cat?post=2304"},{"taxonomy":"product_tag","embeddable":true,"href":"https:\/\/www.salineacademy.com\/fr\/wp-json\/wp\/v2\/product_tag?post=2304"}],"curies":[{"name":"wp","href":"https:\/\/api.w.org\/{rel}","templated":true}]}}