{"id":2320,"date":"2025-08-08T17:59:49","date_gmt":"2025-08-08T15:59:49","guid":{"rendered":"https:\/\/www.salineacademy.com\/replay\/nuit-detoiles\/"},"modified":"2025-09-10T16:20:10","modified_gmt":"2025-09-10T14:20:10","slug":"nuit-detoiles","status":"publish","type":"product","link":"https:\/\/www.salineacademy.com\/fr\/replay\/nuit-detoiles\/","title":{"rendered":"Nuit d&rsquo;\u00e9toiles"},"content":{"rendered":"<p>Fran\u00e7ois Le Roux et Lea Bellili travaillent sur la structure et le phras\u00e9 dans cette masterclass pour voix.<\/p>\n","protected":false},"excerpt":{"rendered":"<p>Fran\u00e7ois Le Roux et Lea Bellili travaillent sur la structure et le phras\u00e9 dans cette masterclass pour voix.<\/p>\n","protected":false},"featured_media":2318,"template":"","meta":{"_acf_changed":false,"inline_featured_image":false},"product_brand":[],"product_cat":[30],"product_tag":[],"class_list":{"0":"post-2320","1":"product","2":"type-product","3":"status-publish","4":"has-post-thumbnail","6":"product_cat-masterclass","9":"first","10":"instock","11":"virtual","12":"taxable","13":"purchasable","14":"product-type-simple"},"acf":{"professeur":[724],"composer":"Debussy, Claude","type_de_contenu":"masterclass","slug_video":"mGjpZOO1uF","slug_extrait_video":"5ElRpT16Gq","instruments":[42],"photo_de_fond":2318},"_links":{"self":[{"href":"https:\/\/www.salineacademy.com\/fr\/wp-json\/wp\/v2\/product\/2320","targetHints":{"allow":["GET"]}}],"collection":[{"href":"https:\/\/www.salineacademy.com\/fr\/wp-json\/wp\/v2\/product"}],"about":[{"href":"https:\/\/www.salineacademy.com\/fr\/wp-json\/wp\/v2\/types\/product"}],"acf:term":[{"embeddable":true,"taxonomy":"instrument","href":"https:\/\/www.salineacademy.com\/fr\/wp-json\/wp\/v2\/instrument\/42"}],"acf:post":[{"embeddable":true,"href":"https:\/\/www.salineacademy.com\/fr\/wp-json\/wp\/v2\/teacher\/724"}],"wp:featuredmedia":[{"embeddable":true,"href":"https:\/\/www.salineacademy.com\/fr\/wp-json\/wp\/v2\/media\/2318"}],"wp:attachment":[{"href":"https:\/\/www.salineacademy.com\/fr\/wp-json\/wp\/v2\/media?parent=2320"}],"wp:term":[{"taxonomy":"product_brand","embeddable":true,"href":"https:\/\/www.salineacademy.com\/fr\/wp-json\/wp\/v2\/product_brand?post=2320"},{"taxonomy":"product_cat","embeddable":true,"href":"https:\/\/www.salineacademy.com\/fr\/wp-json\/wp\/v2\/product_cat?post=2320"},{"taxonomy":"product_tag","embeddable":true,"href":"https:\/\/www.salineacademy.com\/fr\/wp-json\/wp\/v2\/product_tag?post=2320"}],"curies":[{"name":"wp","href":"https:\/\/api.w.org\/{rel}","templated":true}]}}