{"id":2346,"date":"2025-08-08T18:00:20","date_gmt":"2025-08-08T16:00:20","guid":{"rendered":"https:\/\/www.salineacademy.com\/replay\/cello-concerto-in-b-minor-1st-movement-part-2\/"},"modified":"2025-09-10T16:20:03","modified_gmt":"2025-09-10T14:20:03","slug":"cello-concerto-in-b-minor-1st-movement-part-2","status":"publish","type":"product","link":"https:\/\/www.salineacademy.com\/fr\/replay\/cello-concerto-in-b-minor-1st-movement-part-2\/","title":{"rendered":"Cello Concerto in B minor, 1st movement, part 2"},"content":{"rendered":"<p>Dans la deuxi\u00e8me partie de cette masterclass de violoncelle, Clive Greensmith et Marc Mart\u00edn Nogueroles travaillent sur des changements difficiles et comment \u00e9voquer la gamme \u00e9motionnelle de cette pi\u00e8ce.<\/p>\n","protected":false},"excerpt":{"rendered":"<p>Dans la deuxi\u00e8me partie de cette masterclass de violoncelle, Clive Greensmith et Marc Mart\u00edn Nogueroles travaillent sur des changements difficiles et comment \u00e9voquer la gamme \u00e9motionnelle de cette pi\u00e8ce.<\/p>\n","protected":false},"featured_media":2344,"template":"","meta":{"_acf_changed":false,"inline_featured_image":false},"product_brand":[],"product_cat":[30],"product_tag":[],"class_list":{"0":"post-2346","1":"product","2":"type-product","3":"status-publish","4":"has-post-thumbnail","6":"product_cat-masterclass","9":"first","10":"instock","11":"virtual","12":"taxable","13":"purchasable","14":"product-type-simple"},"acf":{"professeur":[730],"composer":"Dvo\u0159\u00e1k, Anton\u00edn","type_de_contenu":"masterclass","slug_video":"706CB2WJ0F","slug_extrait_video":"9UtBkiFVuK","instruments":[35],"photo_de_fond":2344},"_links":{"self":[{"href":"https:\/\/www.salineacademy.com\/fr\/wp-json\/wp\/v2\/product\/2346","targetHints":{"allow":["GET"]}}],"collection":[{"href":"https:\/\/www.salineacademy.com\/fr\/wp-json\/wp\/v2\/product"}],"about":[{"href":"https:\/\/www.salineacademy.com\/fr\/wp-json\/wp\/v2\/types\/product"}],"acf:term":[{"embeddable":true,"taxonomy":"instrument","href":"https:\/\/www.salineacademy.com\/fr\/wp-json\/wp\/v2\/instrument\/35"}],"acf:post":[{"embeddable":true,"href":"https:\/\/www.salineacademy.com\/fr\/wp-json\/wp\/v2\/teacher\/730"}],"wp:featuredmedia":[{"embeddable":true,"href":"https:\/\/www.salineacademy.com\/fr\/wp-json\/wp\/v2\/media\/2344"}],"wp:attachment":[{"href":"https:\/\/www.salineacademy.com\/fr\/wp-json\/wp\/v2\/media?parent=2346"}],"wp:term":[{"taxonomy":"product_brand","embeddable":true,"href":"https:\/\/www.salineacademy.com\/fr\/wp-json\/wp\/v2\/product_brand?post=2346"},{"taxonomy":"product_cat","embeddable":true,"href":"https:\/\/www.salineacademy.com\/fr\/wp-json\/wp\/v2\/product_cat?post=2346"},{"taxonomy":"product_tag","embeddable":true,"href":"https:\/\/www.salineacademy.com\/fr\/wp-json\/wp\/v2\/product_tag?post=2346"}],"curies":[{"name":"wp","href":"https:\/\/api.w.org\/{rel}","templated":true}]}}