{"id":2358,"date":"2025-08-08T18:00:33","date_gmt":"2025-08-08T16:00:33","guid":{"rendered":"https:\/\/www.salineacademy.com\/replay\/castor-et-pollux-complainte-de-telaire-tristes-apprets\/"},"modified":"2025-09-10T16:20:00","modified_gmt":"2025-09-10T14:20:00","slug":"castor-et-pollux-complainte-de-telaire-tristes-apprets","status":"publish","type":"product","link":"https:\/\/www.salineacademy.com\/fr\/replay\/castor-et-pollux-complainte-de-telaire-tristes-apprets\/","title":{"rendered":"Castor et Pollux, Complainte de T\u00e9la\u00efre (Tristes appr\u00eats)"},"content":{"rendered":"<p>Dans cette le\u00e7on de chant, Jean-Paul Fouch\u00e9court et Laure Poissonnier explorent les nombreux d\u00e9fis techniques concernant la bouche, la gorge et le larynx.<\/p>\n","protected":false},"excerpt":{"rendered":"<p>Dans cette le\u00e7on de chant, Jean-Paul Fouch\u00e9court et Laure Poissonnier explorent les nombreux d\u00e9fis techniques concernant la bouche, la gorge et le larynx.<\/p>\n","protected":false},"featured_media":2356,"template":"","meta":{"_acf_changed":false,"inline_featured_image":false},"product_brand":[],"product_cat":[30],"product_tag":[],"class_list":{"0":"post-2358","1":"product","2":"type-product","3":"status-publish","4":"has-post-thumbnail","6":"product_cat-masterclass","9":"first","10":"instock","11":"virtual","12":"taxable","13":"purchasable","14":"product-type-simple"},"acf":{"professeur":[787],"composer":"Rameau, Jean-Philippe","type_de_contenu":"masterclass","slug_video":"DXD73GHjYi","slug_extrait_video":"vtMrwUMTL2","instruments":[42],"photo_de_fond":2356},"_links":{"self":[{"href":"https:\/\/www.salineacademy.com\/fr\/wp-json\/wp\/v2\/product\/2358","targetHints":{"allow":["GET"]}}],"collection":[{"href":"https:\/\/www.salineacademy.com\/fr\/wp-json\/wp\/v2\/product"}],"about":[{"href":"https:\/\/www.salineacademy.com\/fr\/wp-json\/wp\/v2\/types\/product"}],"acf:term":[{"embeddable":true,"taxonomy":"instrument","href":"https:\/\/www.salineacademy.com\/fr\/wp-json\/wp\/v2\/instrument\/42"}],"acf:post":[{"embeddable":true,"href":"https:\/\/www.salineacademy.com\/fr\/wp-json\/wp\/v2\/teacher\/787"}],"wp:featuredmedia":[{"embeddable":true,"href":"https:\/\/www.salineacademy.com\/fr\/wp-json\/wp\/v2\/media\/2356"}],"wp:attachment":[{"href":"https:\/\/www.salineacademy.com\/fr\/wp-json\/wp\/v2\/media?parent=2358"}],"wp:term":[{"taxonomy":"product_brand","embeddable":true,"href":"https:\/\/www.salineacademy.com\/fr\/wp-json\/wp\/v2\/product_brand?post=2358"},{"taxonomy":"product_cat","embeddable":true,"href":"https:\/\/www.salineacademy.com\/fr\/wp-json\/wp\/v2\/product_cat?post=2358"},{"taxonomy":"product_tag","embeddable":true,"href":"https:\/\/www.salineacademy.com\/fr\/wp-json\/wp\/v2\/product_tag?post=2358"}],"curies":[{"name":"wp","href":"https:\/\/api.w.org\/{rel}","templated":true}]}}